{"id":1053,"date":"2017-11-13T13:09:29","date_gmt":"2017-11-13T13:09:29","guid":{"rendered":"http:\/\/www.engage.veented.com\/business\/?page_id=1053"},"modified":"2025-03-10T16:06:58","modified_gmt":"2025-03-10T15:06:58","slug":"kontakt","status":"publish","type":"page","link":"https:\/\/notar-setzer.de\/index.php\/kontakt","title":{"rendered":"Kontakt"},"content":{"rendered":"<p>[vc_row css=&#8220;.vc_custom_1493998472841{padding-top: 75px !important;padding-bottom: 40px !important;}&#8220;][vc_column width=&#8220;2\/3&#8243; col_padding=&#8220;2&#8243; col_padding_side=&#8220;right&#8220;][vc_column_text css=&#8220;.vc_custom_1526640574559{margin-bottom: 35px !important;}&#8220;]<\/p>\n<h3>Kontaktformular<\/h3>\n<p>[\/vc_column_text]\n<div class=\"wpcf7 no-js\" id=\"wpcf7-f711083-o1\" lang=\"de-DE\" dir=\"ltr\" data-wpcf7-id=\"711083\">\n<div class=\"screen-reader-response\"><p role=\"status\" aria-live=\"polite\" aria-atomic=\"true\"><\/p> <ul><\/ul><\/div>\n<form action=\"\/index.php\/wp-json\/wp\/v2\/pages\/1053#wpcf7-f711083-o1\" method=\"post\" class=\"wpcf7-form init\" aria-label=\"Kontaktformular\" novalidate=\"novalidate\" data-status=\"init\">\n<div style=\"display: none;\">\n<input type=\"hidden\" name=\"_wpcf7\" value=\"711083\" \/>\n<input type=\"hidden\" name=\"_wpcf7_version\" value=\"6.0.6\" \/>\n<input type=\"hidden\" name=\"_wpcf7_locale\" value=\"de_DE\" \/>\n<input type=\"hidden\" name=\"_wpcf7_unit_tag\" value=\"wpcf7-f711083-o1\" \/>\n<input type=\"hidden\" name=\"_wpcf7_container_post\" value=\"0\" \/>\n<input type=\"hidden\" name=\"_wpcf7_posted_data_hash\" value=\"\" \/>\n<\/div>\n<p><label> Name*<br \/>\n<span class=\"wpcf7-form-control-wrap\" data-name=\"your-name\"><input size=\"40\" maxlength=\"400\" class=\"wpcf7-form-control wpcf7-text wpcf7-validates-as-required\" aria-required=\"true\" aria-invalid=\"false\" value=\"\" type=\"text\" name=\"your-name\" \/><\/span> <\/label>\n<\/p>\n<p><label> E-Mail*<br \/>\n<span class=\"wpcf7-form-control-wrap\" data-name=\"your-email\"><input size=\"40\" maxlength=\"400\" class=\"wpcf7-form-control wpcf7-email wpcf7-validates-as-required wpcf7-text wpcf7-validates-as-email\" aria-required=\"true\" aria-invalid=\"false\" value=\"\" type=\"email\" name=\"your-email\" \/><\/span> <\/label>\n<\/p>\n<p><label> Telefon*<br \/>\n<span class=\"wpcf7-form-control-wrap\" data-name=\"your-phone\"><input size=\"40\" maxlength=\"400\" class=\"wpcf7-form-control wpcf7-tel wpcf7-validates-as-required wpcf7-text wpcf7-validates-as-tel\" aria-required=\"true\" aria-invalid=\"false\" value=\"\" type=\"tel\" name=\"your-phone\" \/><\/span> <\/label>\n<\/p>\n<p><label> Betreff<br \/>\n<span class=\"wpcf7-form-control-wrap\" data-name=\"your-subject\"><input size=\"40\" maxlength=\"400\" class=\"wpcf7-form-control wpcf7-text\" aria-invalid=\"false\" value=\"\" type=\"text\" name=\"your-subject\" \/><\/span> <\/label>\n<\/p>\n<p><label> Ihre Nachricht*<br \/>\n<span class=\"wpcf7-form-control-wrap\" data-name=\"your-message\"><textarea cols=\"40\" rows=\"10\" maxlength=\"2000\" class=\"wpcf7-form-control wpcf7-textarea wpcf7-validates-as-required\" aria-required=\"true\" aria-invalid=\"false\" name=\"your-message\"><\/textarea><\/span> <\/label>\n<\/p>\n<p><span class=\"wpcf7-form-control-wrap\" data-name=\"acceptance\"><span class=\"wpcf7-form-control wpcf7-acceptance\"><span class=\"wpcf7-list-item\"><label><input type=\"checkbox\" name=\"acceptance\" value=\"1\" aria-invalid=\"false\" \/><span class=\"wpcf7-list-item-label\">Ich erkl\u00e4re mich mit der Speicherung und unverschl\u00fcsselten \u00dcbersendung meiner Daten gem\u00e4\u00df <u><a href=\"http:\/\/www.neu.notar-setzer.de\/wp-content\/uploads\/2021\/04\/Datenschutzerkl\u00e4rung_f\u00fcr-Klienten_NotarHarrySetzer.docx\">Datenschutzerkl\u00e4rung<\/a><\/u> einverstanden.<\/span><\/label><\/span><\/span><\/span>\n<\/p>\n<p><input class=\"wpcf7-form-control wpcf7-submit has-spinner\" type=\"submit\" value=\"Senden\" \/>\n<\/p>\n<p>Die mit * markierten Felder sind Pflichtfelder.\n<\/p><div class=\"wpcf7-response-output\" aria-hidden=\"true\"><\/div>\n<\/form>\n<\/div>\n[\/vc_column][vc_column width=&#8220;1\/3&#8243; col_padding=&#8220;2&#8243; col_padding_side=&#8220;left&#8220;][vc_column_text css=&#8220;.vc_custom_1527247557668{border-bottom-width: -5px !important;}&#8220;]<\/p>\n<h3>Kontaktinformation<\/h3>\n<p>Wie k\u00f6nnen wir Ihnen helfen?<br \/>\nIhre Anfrage nehmen wir jederzeit gerne entgegen. Damit wir Ihnen so schnell wie m\u00f6glich antworten k\u00f6nnen, ben\u00f6tigen wir noch Ihre Kontaktdaten.<br \/>\nWir freuen uns auf Ihre Nachricht<\/p>\n<h5>Kontaktdetails<\/h5>\n<p>[\/vc_column_text][vc_column_text]<\/p>\n<h5>B\u00fcrozeiten<\/h5>\n<p>Montag bis Freitag: 8:00 &#8211; 12:00 Uhr<br \/>\nMontag bis Donnerstag: 13:30 &#8211; 17:00 Uhr<br \/>\nSamstag: geschlossen<br \/>\nSonntag: geschlossen<\/p>\n<p><strong>Weitere Termine nach Vereinbarung.<\/strong>[\/vc_column_text][\/vc_column][\/vc_row][vc_row full_width=&#8220;stretch_row_content_no_spaces&#8220; css=&#8220;.vc_custom_1510578471620{padding-top: 0px !important;}&#8220;][vc_column][vc_column_text]\t<script type=\"text\/javascript\">\n\n\tjQuery(document).ready(function() {\n\n\t\t'use strict';\n\n\t\t\n\t\t\/\/ Map Coordination\n\n\t\tvar latlng = new google.maps.LatLng(47.991487,8.818914);\n\n\t\t\/\/ Map Options\n\n\t\tvar myOptions = {\n\t\t\tzoom: 16,\n\t\t\tcenter: latlng,\n\t\t\tmapTypeId: google.maps.MapTypeId.ROADMAP,\n\t\t\tdisableDefaultUI: false,\n\t\t\tmapTypeControl: false,\n\t\t\tscrollwheel: true,\n\t\t\tstyles: [{\"featureType\":\"water\",\"elementType\":\"geometry\",\"stylers\":[{\"color\":\"#e9e9e9\"},{\"lightness\":17}]},{\"featureType\":\"landscape\",\"elementType\":\"geometry\",\"stylers\":[{\"color\":\"#f5f5f5\"},{\"lightness\":20}]},{\"featureType\":\"road.highway\",\"elementType\":\"geometry.fill\",\"stylers\":[{\"color\":\"#ffffff\"},{\"lightness\":17}]},{\"featureType\":\"road.highway\",\"elementType\":\"geometry.stroke\",\"stylers\":[{\"color\":\"#ffffff\"},{\"lightness\":29},{\"weight\":0.2}]},{\"featureType\":\"road.arterial\",\"elementType\":\"geometry\",\"stylers\":[{\"color\":\"#ffffff\"},{\"lightness\":18}]},{\"featureType\":\"road.local\",\"elementType\":\"geometry\",\"stylers\":[{\"color\":\"#ffffff\"},{\"lightness\":16}]},{\"featureType\":\"poi\",\"elementType\":\"geometry\",\"stylers\":[{\"color\":\"#f5f5f5\"},{\"lightness\":21}]},{\"featureType\":\"poi.park\",\"elementType\":\"geometry\",\"stylers\":[{\"color\":\"#dedede\"},{\"lightness\":21}]},{\"elementType\":\"labels.text.stroke\",\"stylers\":[{\"visibility\":\"on\"},{\"color\":\"#ffffff\"},{\"lightness\":16}]},{\"elementType\":\"labels.text.fill\",\"stylers\":[{\"saturation\":36},{\"color\":\"#333333\"},{\"lightness\":40}]},{\"elementType\":\"labels.icon\",\"stylers\":[{\"visibility\":\"off\"}]},{\"featureType\":\"transit\",\"elementType\":\"geometry\",\"stylers\":[{\"color\":\"#f2f2f2\"},{\"lightness\":19}]},{\"featureType\":\"administrative\",\"elementType\":\"geometry.fill\",\"stylers\":[{\"color\":\"#fefefe\"},{\"lightness\":20}]},{\"featureType\":\"administrative\",\"elementType\":\"geometry.stroke\",\"stylers\":[{\"color\":\"#fefefe\"},{\"lightness\":17},{\"weight\":1.2}]}]\t\t};\n\n\t\tvar map = new google.maps.Map( document.getElementById('google-map-5908' ), myOptions);\n\n\t\tvar markersArray = [];\n\t\tvar markersContentArray = [];\n\t\tvar infoWindows = [];\n\n\t\t                    var markerLocation = new google.maps.LatLng(47.991487,8.818914);\n                    var contentString = '<div id=\"content\">' +\n                        '<div id=\"siteNotice\">' +\n                        '<\/div>' +\n                        '<h4>' + 'Kanzlei' + '<\/h4>' +\n                        \n                        '<\/div>';\n\n                    markersContentArray.push(contentString);\n\n                    var markerIcon = ' ';\n\n                    \n                    var marker = new MarkerWithLabel({\n                        position: markerLocation,\n                        draggable: false,\n                        raiseOnDrag: false,\n                        icon: markerIcon,\n                        map: map,\n                        labelContent: '<div class=\"vntd-gmap-marker vntd-gmap-marker1 vntd-marker-color-\"><\/div>',\n                        labelAnchor: new google.maps.Point(22, 50),\n                        labelClass: \"labels\" \/\/ the CSS class for the label\n                    });\n\n                    markersArray.push(marker);\n\n                    markersArray[0].setMap(map);\n\n                    var infowindow = new google.maps.InfoWindow({\n                        content: contentString\n                    });\n\n                    infoWindows.push(infowindow);\n\n                    google.maps.event.addListener(markersArray[0], 'click', function (e) {\n                        infoWindows[0].open(map, this);\n                    });\n\n                    \n\t});\n\n\t<\/script>\n\n\t<div class=\"vntd-gmap map-skin-light\">\n\t\t    <div id=\"google-map-5908\" style=\"height:540px;\"><\/div>\n\n\t<\/div>\n\t[\/vc_column_text][\/vc_column][\/vc_row]<\/p>\n","protected":false},"excerpt":{"rendered":"<p>[vc_row css=&#8220;.vc_custom_1493998472841{padding-top: 75px !important;padding-bottom: 40px !important;}&#8220;][vc_column width=&#8220;2\/3&#8243; col_padding=&#8220;2&#8243; col_padding_side=&#8220;right&#8220;][vc_column_text css=&#8220;.vc_custom_1526640574559{margin-bottom: 35px !important;}&#8220;] Kontaktformular [\/vc_column_text][\/vc_column][vc_column width=&#8220;1\/3&#8243; col_padding=&#8220;2&#8243; col_padding_side=&#8220;left&#8220;][vc_column_text css=&#8220;.vc_custom_1527247557668{border-bottom-width: -5px !important;}&#8220;] Kontaktinformation Wie k\u00f6nnen wir Ihnen helfen? Ihre Anfrage nehmen wir jederzeit gerne entgegen. Damit wir Ihnen so schnell wie m\u00f6glich antworten k\u00f6nnen, ben\u00f6tigen wir noch Ihre Kontaktdaten. Wir freuen uns [&hellip;]<\/p>\n","protected":false},"author":1,"featured_media":0,"parent":0,"menu_order":0,"comment_status":"closed","ping_status":"closed","template":"","meta":{"footnotes":""},"class_list":["post-1053","page","type-page","status-publish","hentry"],"_links":{"self":[{"href":"https:\/\/notar-setzer.de\/index.php\/wp-json\/wp\/v2\/pages\/1053","targetHints":{"allow":["GET"]}}],"collection":[{"href":"https:\/\/notar-setzer.de\/index.php\/wp-json\/wp\/v2\/pages"}],"about":[{"href":"https:\/\/notar-setzer.de\/index.php\/wp-json\/wp\/v2\/types\/page"}],"author":[{"embeddable":true,"href":"https:\/\/notar-setzer.de\/index.php\/wp-json\/wp\/v2\/users\/1"}],"replies":[{"embeddable":true,"href":"https:\/\/notar-setzer.de\/index.php\/wp-json\/wp\/v2\/comments?post=1053"}],"version-history":[{"count":19,"href":"https:\/\/notar-setzer.de\/index.php\/wp-json\/wp\/v2\/pages\/1053\/revisions"}],"predecessor-version":[{"id":711590,"href":"https:\/\/notar-setzer.de\/index.php\/wp-json\/wp\/v2\/pages\/1053\/revisions\/711590"}],"wp:attachment":[{"href":"https:\/\/notar-setzer.de\/index.php\/wp-json\/wp\/v2\/media?parent=1053"}],"curies":[{"name":"wp","href":"https:\/\/api.w.org\/{rel}","templated":true}]}}