{"id":711029,"date":"2017-11-13T13:48:52","date_gmt":"2017-11-13T12:48:52","guid":{"rendered":"http:\/\/www.engage.veented.com\/business\/?page_id=711029"},"modified":"2025-03-10T11:12:40","modified_gmt":"2025-03-10T10:12:40","slug":"kanzlei","status":"publish","type":"page","link":"https:\/\/notar-setzer.de\/index.php\/kanzlei","title":{"rendered":"Kanzlei"},"content":{"rendered":"<p>[vc_row][vc_column][vc_separator][vc_column_text]<\/p>\n<h2><img loading=\"lazy\" decoding=\"async\" class=\"wp-image-711252 alignleft\" src=\"http:\/\/www.notar-setzer.de\/wp-content\/uploads\/2018\/05\/logo_kanzleihaus.png\" alt=\"\" width=\"94\" height=\"138\" \/><\/h2>\n<h2 style=\"text-align: left;\"><\/h2>\n<h2 style=\"text-align: left;\">Die Kanzlei<\/h2>\n<p>[\/vc_column_text][\/vc_column][\/vc_row][vc_row equal_height=&#8220;yes&#8220; content_placement=&#8220;middle&#8220; css=&#8220;.vc_custom_1527514057762{padding-top: 25px !important;padding-bottom: 25px !important;}&#8220;][vc_column width=&#8220;7\/12&#8243; col_padding=&#8220;2&#8243; col_padding_side=&#8220;right&#8220;][vc_column_text font_size=&#8220;medium&#8220;]<\/p>\n<p class=\"p1\"><span class=\"s1\">Als Notar stehe ich Ihnen gerne mit meiner Fachkompetenz zur Verf\u00fcgung. <\/span><\/p>\n<p class=\"p1\"><span class=\"s1\">Als unabh\u00e4ngiger Tr\u00e4ger eines \u00f6ffentlichen Amtes bin ich als Notar zur Verschwiegenheit und zu strikter Neutralit\u00e4t verpflichtet.\u00a0<\/span><span class=\"s1\">Bei der Vorbereitung und beim Vollzug Ihrer Urkunde unterst\u00fctzt mich mein Team von fachkundigen und engagierten Mitarbeitern. Wir freuen uns Sie bei Ihren W\u00fcnschen notarieller Art behilflich zu sein.<\/span><\/p>\n<p>[\/vc_column_text][vc_row_inner css=&#8220;.vc_custom_1494852056203{padding-top: 20px !important;}&#8220;][vc_column_inner width=&#8220;1\/2&#8243;][vc_column_text css=&#8220;.vc_custom_1641764391574{margin-bottom: 12px !important;}&#8220;]<\/p>\n<h5><strong>Unparteiisch<\/strong><\/h5>\n<p>[\/vc_column_text][vc_column_text]<\/p>\n<p class=\"p1\">Ihnen und Ihren Vertragspartnern stehen die Notarinnen und Notare als unparteiische Berater in komplizierten und folgenreichen Rechtsangelegenheiten zur Verf\u00fcgung.<\/p>\n<p>[\/vc_column_text][\/vc_column_inner][vc_column_inner width=&#8220;1\/2&#8243;][vc_column_text css=&#8220;.vc_custom_1641764373261{margin-bottom: 12px !important;}&#8220;]<\/p>\n<h5><strong>Verschwiegen<\/strong><\/h5>\n<p>[\/vc_column_text][vc_column_text]<\/p>\n<p class=\"p1\">\u00dcber alle Angelegenheiten, die dem Notar im Rahmen seiner Berufsaus\u00fcbung bekannt werden, hat er Verschwiegenheit gegen jedermann zu bewahren und diese Verschwiegenheit auch den bei ihm besch\u00e4ftigten Personen zur Pflicht zu machen.<\/p>\n<p>[\/vc_column_text][\/vc_column_inner][\/vc_row_inner][vc_row_inner css=&#8220;.vc_custom_1494852056203{padding-top: 20px !important;}&#8220;][vc_column_inner width=&#8220;1\/2&#8243;][vc_column_text css=&#8220;.vc_custom_1641764592888{margin-bottom: 12px !important;}&#8220;]<\/p>\n<h5><strong>Sicher<\/strong><\/h5>\n<p>[\/vc_column_text][vc_column_text]<\/p>\n<p class=\"p1\">Die notarielle Urkunde \u2013 mit Brief und Siegel \u2013 ist der Inbegriff f\u00fcr Rechtssicherheit. Das Vertrauen, das ihr im Rechtsverkehr entgegengebracht wird, hat einen Ursprung: die Sorgfalt der Notarinnen und Notare.<\/p>\n<p>[\/vc_column_text][vc_column_text][\/vc_column_text][\/vc_column_inner][vc_column_inner width=&#8220;1\/2&#8243;][vc_column_text css=&#8220;.vc_custom_1641764628890{margin-bottom: 12px !important;}&#8220;]<\/p>\n<h5><strong>Aktuell<\/strong><\/h5>\n<p>[\/vc_column_text][vc_column_text]<\/p>\n<p class=\"p1\">Notare nehmen eine Vorreiterrolle im elektronischen Rechtsverkehr ein. Qualifizierte elektronische Signaturen mit Notarattribut genie\u00dfen inzwischen das gleiche Vertrauen wie Notarsiegel mit der eigenh\u00e4ndigen Unterschrift der Amtsperson.<\/p>\n<p>[\/vc_column_text][\/vc_column_inner][\/vc_row_inner][\/vc_column][vc_column width=&#8220;5\/12&#8243; col_padding=&#8220;1&#8243; col_padding_side=&#8220;left&#8220;][vc_single_image image=&#8220;711331&#8243; img_size=&#8220;700&#215;800&#8243; css=&#8220;.vc_custom_1592770974820{margin-bottom: 0px !important;}&#8220;][\/vc_column][vc_column css=&#8220;.vc_custom_1527514135446{padding-top: 25px !important;}&#8220;][vc_separator][\/vc_column][\/vc_row][vc_row][vc_column width=&#8220;1\/2&#8243;][vc_column_text]<\/p>\n<h2>Ihr Notar<\/h2>\n<h2>\u00a0 \u00a0 \u00a0 \u00a0 Harry Setzer<\/h2>\n<p>[\/vc_column_text][\/vc_column][vc_column width=&#8220;1\/2&#8243;][vc_single_image image=&#8220;711127&#8243;][\/vc_column][\/vc_row]<\/p>\n","protected":false},"excerpt":{"rendered":"<p>[vc_row][vc_column][vc_separator][vc_column_text] Die Kanzlei [\/vc_column_text][\/vc_column][\/vc_row][vc_row equal_height=&#8220;yes&#8220; content_placement=&#8220;middle&#8220; css=&#8220;.vc_custom_1527514057762{padding-top: 25px !important;padding-bottom: 25px !important;}&#8220;][vc_column width=&#8220;7\/12&#8243; col_padding=&#8220;2&#8243; col_padding_side=&#8220;right&#8220;][vc_column_text font_size=&#8220;medium&#8220;] Als Notar stehe ich Ihnen gerne mit meiner Fachkompetenz zur Verf\u00fcgung. Als unabh\u00e4ngiger Tr\u00e4ger eines \u00f6ffentlichen Amtes bin ich als Notar zur Verschwiegenheit und zu strikter Neutralit\u00e4t verpflichtet.\u00a0Bei der Vorbereitung und beim Vollzug Ihrer Urkunde [&hellip;]<\/p>\n","protected":false},"author":1,"featured_media":0,"parent":0,"menu_order":0,"comment_status":"closed","ping_status":"closed","template":"","meta":{"footnotes":""},"class_list":["post-711029","page","type-page","status-publish","hentry"],"_links":{"self":[{"href":"https:\/\/notar-setzer.de\/index.php\/wp-json\/wp\/v2\/pages\/711029","targetHints":{"allow":["GET"]}}],"collection":[{"href":"https:\/\/notar-setzer.de\/index.php\/wp-json\/wp\/v2\/pages"}],"about":[{"href":"https:\/\/notar-setzer.de\/index.php\/wp-json\/wp\/v2\/types\/page"}],"author":[{"embeddable":true,"href":"https:\/\/notar-setzer.de\/index.php\/wp-json\/wp\/v2\/users\/1"}],"replies":[{"embeddable":true,"href":"https:\/\/notar-setzer.de\/index.php\/wp-json\/wp\/v2\/comments?post=711029"}],"version-history":[{"count":25,"href":"https:\/\/notar-setzer.de\/index.php\/wp-json\/wp\/v2\/pages\/711029\/revisions"}],"predecessor-version":[{"id":711583,"href":"https:\/\/notar-setzer.de\/index.php\/wp-json\/wp\/v2\/pages\/711029\/revisions\/711583"}],"wp:attachment":[{"href":"https:\/\/notar-setzer.de\/index.php\/wp-json\/wp\/v2\/media?parent=711029"}],"curies":[{"name":"wp","href":"https:\/\/api.w.org\/{rel}","templated":true}]}}