{"id":711060,"date":"2018-05-18T11:26:53","date_gmt":"2018-05-18T09:26:53","guid":{"rendered":"http:\/\/web30.dev-web01.wareconsult.local\/?page_id=711060"},"modified":"2025-01-06T19:13:01","modified_gmt":"2025-01-06T18:13:01","slug":"impressum","status":"publish","type":"page","link":"https:\/\/notar-setzer.de\/index.php\/impressum","title":{"rendered":"Impressum"},"content":{"rendered":"<p>[vc_row][vc_column][vc_column_text]<\/p>\n<h1>Notar Harry Setzer<\/h1>\n<p>[\/vc_column_text][\/vc_column][\/vc_row][vc_row][vc_column width=&#8220;2\/3&#8243;][vc_column_text]<\/p>\n<h3>Kontaktdaten<\/h3>\n<p>Notarkanzlei<br \/>\nNotar Harry Setzer<br \/>\nHeinrich-Rieker-Stra\u00dfe 9<br \/>\n78532 Tuttlingen<\/p>\n<h3>Verantwortlicher \/ Verantwortliche f\u00fcr Journalistisch-Redaktionelle Texte<\/h3>\n<p>Harry Setzer<\/p>\n<h3>Notar<\/h3>\n<p>Die gesetzliche Berufsbezeichnung Notar wurde verliehen in der Bundesrepublik Deutschland (Baden-W\u00fcrttemberg).<\/p>\n<h3>Zust\u00e4ndige Notarkammer:<\/h3>\n<p>Notarkammer Baden-W\u00fcrttemberg<br \/>\nAnschrift: Friedrichstra\u00dfe 9A<br \/>\n70173 Stuttgart<br \/>\nTelefon: 0711 291934<br \/>\nFax: 0711 22009310<br \/>\nE-Mail:\u00a0 <a href=\"mailto:notarkammer.baden-wuerttemberg@notarnet.de\">notarkammer.baden-wuerttemberg@notarnet.de<\/a><br \/>\nWeb:\u00a0 <a href=\"http:\/\/www.notarkammer-baden-wuerttemberg.de\">http:\/\/www.notarkammer-baden-wuerttemberg.de<\/a><\/p>\n<h3>Umsatzsteueridentifikationsnummer<\/h3>\n<p><span style=\"font-size: 16px;\">DE 22 1983 597<\/span><\/p>\n<h3>Aufsichtsbeh\u00f6rde<\/h3>\n<p>Pr\u00e4sident des Landgerichts Rottweil<\/p>\n<h3>Berufliche Regelungen<\/h3>\n<ul>\n<li><a href=\"http:\/\/www.bnotk.de\/Notar\/Berufsrecht\/BNotO\/index.php\">Bundesnotarordnung<\/a>,\u00a0<a href=\"http:\/\/www.bnotk.de\/Notar\/Berufsrecht\/BeurkG\/index.php\">Beurkundungsgesetz<\/a>\u00a0und <a href=\"http:\/\/www.gesetze-im-internet.de\/gnotkg\/\">Notar- und Gerichtskostengesetz (GNotKG)<\/a><\/li>\n<li><a href=\"http:\/\/www.bnotk.de\/Notar\/Berufsrecht\/Richtlinien.php\">Richtlinien<\/a> f\u00fcr die Amtspflichten und sonstigen Pflichten der Notarinnen und Notare<\/li>\n<li><a href=\"http:\/\/www.bnotk.de\/Notar\/Berufsrecht\/DONot.php\">Dienstordnung<\/a>\u00a0f\u00fcr Notarinnen und Notare<\/li>\n<\/ul>\n<h3>Haftungsausschluss<\/h3>\n<p>Auf Gestaltung und Inhalt der verlinkten externen Seiten im Internet besteht kein Einfluss. Jede Haftung wird diesbez\u00fcglich ausgeschlossen. Eine Gew\u00e4hr f\u00fcr die Aktualit\u00e4t, Richtigkeit, Vollst\u00e4ndigkeit oder Qualit\u00e4t der dort bereitgestellten Informationen wird nicht \u00fcbernommen.<\/p>\n<h3>Plattform der EU-Kommission zur Online-Streitbeteiligung<\/h3>\n<p><a href=\"http:\/\/www.ec.europa.eu\/consumers\/odr\">www.ec.europa.eu\/consumers\/odr<\/a>[\/vc_column_text][\/vc_column][vc_column width=&#8220;1\/3&#8243;][vc_column_text]<\/p>\n<h3>Entwicklung und Betreuung<\/h3>\n<p><img loading=\"lazy\" decoding=\"async\" class=\"alignnone wp-image-711133 size-full\" src=\"https:\/\/notar-setzer.de\/wp-content\/uploads\/2018\/05\/wareconsult.png\" alt=\"\" width=\"197\" height=\"31\" \/><\/p>\n<p>E-Mail: <a href=\"mailto:info@wareconsult.de\">info@wareconsult.de<\/a><br \/>\nInternet: <a href=\"https:\/\/www.wareconsult.de\/\">www.wareconsult.de<\/a>[\/vc_column_text][\/vc_column][\/vc_row]<\/p>\n","protected":false},"excerpt":{"rendered":"<p>[vc_row][vc_column][vc_column_text] Notar Harry Setzer [\/vc_column_text][\/vc_column][\/vc_row][vc_row][vc_column width=&#8220;2\/3&#8243;][vc_column_text] Kontaktdaten Notarkanzlei Notar Harry Setzer Heinrich-Rieker-Stra\u00dfe 9 78532 Tuttlingen Verantwortlicher \/ Verantwortliche f\u00fcr Journalistisch-Redaktionelle Texte Harry Setzer Notar Die gesetzliche Berufsbezeichnung Notar wurde verliehen in der Bundesrepublik Deutschland (Baden-W\u00fcrttemberg). Zust\u00e4ndige Notarkammer: Notarkammer Baden-W\u00fcrttemberg Anschrift: Friedrichstra\u00dfe 9A 70173 Stuttgart Telefon: 0711 291934 Fax: 0711 22009310 [&hellip;]<\/p>\n","protected":false},"author":1,"featured_media":0,"parent":0,"menu_order":0,"comment_status":"closed","ping_status":"closed","template":"","meta":{"footnotes":""},"class_list":["post-711060","page","type-page","status-publish","hentry"],"_links":{"self":[{"href":"https:\/\/notar-setzer.de\/index.php\/wp-json\/wp\/v2\/pages\/711060","targetHints":{"allow":["GET"]}}],"collection":[{"href":"https:\/\/notar-setzer.de\/index.php\/wp-json\/wp\/v2\/pages"}],"about":[{"href":"https:\/\/notar-setzer.de\/index.php\/wp-json\/wp\/v2\/types\/page"}],"author":[{"embeddable":true,"href":"https:\/\/notar-setzer.de\/index.php\/wp-json\/wp\/v2\/users\/1"}],"replies":[{"embeddable":true,"href":"https:\/\/notar-setzer.de\/index.php\/wp-json\/wp\/v2\/comments?post=711060"}],"version-history":[{"count":8,"href":"https:\/\/notar-setzer.de\/index.php\/wp-json\/wp\/v2\/pages\/711060\/revisions"}],"predecessor-version":[{"id":711557,"href":"https:\/\/notar-setzer.de\/index.php\/wp-json\/wp\/v2\/pages\/711060\/revisions\/711557"}],"wp:attachment":[{"href":"https:\/\/notar-setzer.de\/index.php\/wp-json\/wp\/v2\/media?parent=711060"}],"curies":[{"name":"wp","href":"https:\/\/api.w.org\/{rel}","templated":true}]}}