{"id":711062,"date":"2018-05-18T11:27:10","date_gmt":"2018-05-18T09:27:10","guid":{"rendered":"http:\/\/web30.dev-web01.wareconsult.local\/?page_id=711062"},"modified":"2025-04-04T11:51:36","modified_gmt":"2025-04-04T09:51:36","slug":"datenschutzerklaerung","status":"publish","type":"page","link":"https:\/\/notar-setzer.de\/index.php\/datenschutzerklaerung","title":{"rendered":"Datenschutzerkl\u00e4rung"},"content":{"rendered":"<p>[vc_row][vc_column][vc_column_text]Wir sind uns dar\u00fcber bewusst, dass Ihnen der Schutz Ihrer Privatsph\u00e4re bei der Benutzung unserer Websites ein wichtiges Anliegen ist. Wir nehmen den Schutz Ihrer pers\u00f6nlichen Daten sehr ernst. Deshalb m\u00f6chten wir, dass Sie wissen, wann wir welche Daten speichern und wie wir sie verwenden. Wir beachten dabei die gesetzlichen Grunds\u00e4tze f\u00fcr die Verarbeitung personenbezogener Daten gem\u00e4\u00df der Datenschutzgrundverordnung*. Wir m\u00f6chten Sie deshalb mit dieser Datenschutzerkl\u00e4rung \u00fcber unsere Ma\u00dfnahmen zum Datenschutz in Kenntnis setzen.<br \/>\n*Verordnung (EU) 2016\/679 des Europ\u00e4ischen Parlaments und des Rates vom 27. April 2016 zum Schutz nat\u00fcrlicher Personen bei der Verarbeitung personenbezogener Daten, zum freien Datenverkehr und zur Aufhebung der Richtlinie 95\/46\/EG (Datenschutz-Grundverordnung)<\/p>\n<h3>Verschwiegenheit<\/h3>\n<p>Notare sind nach \u00a7 18 der Bundesnotarordnung zu besonderer Verschwiegenheit verpflichtet. Alle personenbezogenen Daten werden vertraulich behandelt.<\/p>\n<h3>Selbstbestimmung<\/h3>\n<p>Wir erheben und verwenden Ihre personenbezogenen Daten ausschlie\u00dflich im Rahmen der Bestimmungen des Datenschutzrechts der Bundesrepublik Deutschland. Sie entscheiden danach selbst \u00fcber den Umgang mit Ihren pers\u00f6nlichen Daten. Ohne Ihr ausdr\u00fcckliches Einverst\u00e4ndnis erfolgt keine automatisierte Erhebung, Verarbeitung oder Nutzung personenbezogener Daten aus Ihrem Internet-Besuch.<\/p>\n<h3>Information \u00fcber die Erhebung personenbezogener Daten<\/h3>\n<p>Im Folgenden informieren wir \u00fcber die Erhebung personenbezogener Daten bei Nutzung unserer Website. Personenbezogene Daten sind z.\u2009B. Name, Adresse, E-Mail-Adressen, Nutzerverhalten.<\/p>\n<p>Bei einer Kontaktaufnahme mit uns per E-Mail oder \u00fcber ein Kontaktformular werden die von Ihnen mitgeteilten Daten (Ihre E-Mail-Adresse, ggf. Ihr Name und Ihre Telefonnummer) von uns gespeichert, um Ihre Fragen zu beantworten. Die in diesem Zusammenhang anfallenden Daten l\u00f6schen wir, nachdem die Speicherung nicht mehr erforderlich ist, oder die Verarbeitung wird eingeschr\u00e4nkt, falls gesetzliche Aufbewahrungspflichten bestehen.<\/p>\n<h3>Erhebung personenbezogener Daten bei Besuch unserer Website<\/h3>\n<p>Bei der blo\u00df informatorischen Nutzung der Website, also wenn Sie sich nicht registrieren oder uns anderweitig Informationen \u00fcbermitteln, erheben wir nur die personenbezogenen Daten, die Ihr Browser an unseren Server \u00fcbermittelt. Wenn Sie unsere Website betrachten m\u00f6chten, erheben wir die folgenden Daten, die f\u00fcr uns technisch erforderlich sind, um Ihnen unsere Website anzuzeigen und die Stabilit\u00e4t und Sicherheit zu gew\u00e4hrleisten (Rechtsgrundlage ist Art. 6 Abs. 1 S. 1 lit. f DSGVO):<\/p>\n<ul>\n<li>IP-Adresse<\/li>\n<li>Datum und Uhrzeit der Anfrage<\/li>\n<li>Zeitzonendifferenz zur Greenwich Mean Time (GMT)<\/li>\n<li>Inhalt der Anforderung (konkrete Seite)<\/li>\n<li>Zugriffsstatus\/HTTP-Statuscode<\/li>\n<li>jeweils \u00fcbertragene Datenmenge<\/li>\n<li>Website, von der die Anforderung kommt<\/li>\n<li>Browser<\/li>\n<li>Betriebssystem und dessen Oberfl\u00e4che<\/li>\n<li>Sprache und Version der Browsersoftware.<\/li>\n<\/ul>\n<h3>Verwendungszwecke<\/h3>\n<p>Die von Ihnen erfassten pers\u00f6nlichen Daten werden wir nur dazu verwenden, Ihnen die gew\u00fcnschten Dienstleistungen bereitzustellen, oder aber zu anderen Zwecken, f\u00fcr die Sie Ihre Einwilligung erteilt haben, sofern keine anderslautenden gesetzlichen Verpflichtungen bestehen.<\/p>\n<h3>Zugriffs- und Berichtigungsrecht<\/h3>\n<p>Sie haben das Recht, alle auf Ihre Person bezogenen Daten, die bei uns gespeichert sind, zu \u00fcberpr\u00fcfen und zu berichtigen, wenn sie Ihrer Meinung nach veraltet oder unrichtig sind. Hierzu gen\u00fcgt eine E-Mail an die im Impressum genannte E-Mail-Adresse.<\/p>\n<h3>Recht auf Widerruf<\/h3>\n<p>Sie sind berechtigt, die Einwilligung in die Verwendung personenbezogener Daten jederzeit mit Wirkung f\u00fcr die Zukunft zu widerrufen. Hierzu gen\u00fcgt eine E-Mail an die im Impressum genannte E-Mail-Adresse.<\/p>\n<h3>Aufbewahrung von Daten (Data Retention)<\/h3>\n<p>Wir speichern personenbezogene Daten so lange, wie es n\u00f6tig ist, um eine Dienstleistung auszuf\u00fchren, die Sie gew\u00fcnscht oder zu der Sie Ihre Einwilligung erteilt haben, sofern keine anderslautenden gesetzlichen Ver\u00acpflichtungen bestehen wie zum Beispiel bei laufenden Gerichts\u00acverfahren.<\/p>\n<h3>Einsatz von Cookies<\/h3>\n<p>In einigen Bereichen der Website werden sogenannte Cookies eingesetzt, um Ihnen unsere Leistung individueller zur Verf\u00fcgung stellen zu k\u00f6nnen. Cookies sind Kennungen, die ein Webserver an Ihren Computer senden kann, um ihn f\u00fcr die Dauer des Besuches zu identifizieren. Die meisten Browser sind so eingestellt, dass sie Cookies automatisch akzeptieren. Sie k\u00f6nnen das Speichern von Cookies aber auch deaktivieren oder Ihren Browser so einstellen, dass er Sie \u00fcber die Platzierung von Cookies informiert. Sofern Cookies nicht nur f\u00fcr die Dauer der jeweiligen Sitzung gespeichert und danach automatisiert gel\u00f6scht werden, sondern l\u00e4ngerfristig auf Ihrem Rechner abgelegt werden sollen, werden Sie beim Setzen eines solchen Cookies unterrichtet.<\/p>\n<h3>Sicherheit<\/h3>\n<p>Wir setzen technische und organisatorische Sicherheitsma\u00dfnahmen ein, um Ihre zur Verf\u00fcgung gestellten Daten durch zuf\u00e4llige oder vors\u00e4tzliche Manipulation, Verlust, Zerst\u00f6rung oder Zugriff unberechtigter Personen zu sch\u00fctzen. Im Falle der Erhebung und Verarbeitung pers\u00f6nlicher Daten werden die Informationen in verschl\u00fcsselter Form \u00fcbertragen, um einem Missbrauch der Daten durch Dritte vorzubeugen. Unsere Sicherungsma\u00dfnahmen werden entsprechend der technologischen Entwicklung fortlaufend \u00fcberarbeitet.<\/p>\n<h3>Kontaktformular<\/h3>\n<p>Die personenbezogenen Daten, die Sie uns im Rahmen einer Kontaktanfrage z.B. mittels eines Kontaktformulars zur Verf\u00fcgung stellen, werden nur f\u00fcr die Beantwortung Ihrer Anfrage bzw. Kontaktaufnahme und f\u00fcr die damit verbundene technische Administration verwendet. Die Weitergabe an Dritte findet nicht statt. Sie haben das Recht, eine erteilte Einwilligung mit Wirkung f\u00fcr die Zukunft jederzeit zu widerrufen. In diesem Fall werden Ihre personenbezogenen Daten umgehend gel\u00f6scht. Ihre personenbezogenen Daten werden auch ohne Ihren Widerruf gel\u00f6scht, wenn wir Ihre Anfrage bearbeitet haben oder Sie die hier erteilte Einwilligung zur Speicherung widerrufen. Dies geschieht auch, wenn die Speicherung aus sonstigen gesetzlichen Gr\u00fcnden unzul\u00e4ssig ist.<\/p>\n<h3>Datenschutzerkl\u00e4rung Google Maps<\/h3>\n<p>Diese Webseite verwendet das Produkt Google Maps von Google Inc. Durch Nutzung dieser Webseite erkl\u00e4ren Sie sich mit der Erfassung, Bearbeitung sowie Nutzung der automatisiert erhobenen Daten durch Google Inc, deren Vertreter sowie Dritter einverstanden. Die Nutzungsbedingungen von Google Maps finden sie unter\u00a0<a href=\"https:\/\/www.google.com\/intl\/de_de\/help\/terms_maps.html\">&#8222;Nutzungsbedingungen von Google Maps&#8220;<\/a>.<\/p>\n<h3>Anpassungen<\/h3>\n<p>Die st\u00e4ndige Entwicklung des Internets macht von Zeit zu Zeit Anpassungen unserer Datenschutzerkl\u00e4rung erforderlich. Wir behalten uns vor, jederzeit entsprechende \u00c4nderungen vorzunehmen.[\/vc_column_text][\/vc_column][\/vc_row]<\/p>\n","protected":false},"excerpt":{"rendered":"<p>[vc_row][vc_column][vc_column_text]Wir sind uns dar\u00fcber bewusst, dass Ihnen der Schutz Ihrer Privatsph\u00e4re bei der Benutzung unserer Websites ein wichtiges Anliegen ist. Wir nehmen den Schutz Ihrer pers\u00f6nlichen Daten sehr ernst. Deshalb m\u00f6chten wir, dass Sie wissen, wann wir welche Daten speichern und wie wir sie verwenden. Wir beachten dabei die gesetzlichen [&hellip;]<\/p>\n","protected":false},"author":1,"featured_media":0,"parent":0,"menu_order":0,"comment_status":"closed","ping_status":"closed","template":"","meta":{"footnotes":""},"class_list":["post-711062","page","type-page","status-publish","hentry"],"_links":{"self":[{"href":"https:\/\/notar-setzer.de\/index.php\/wp-json\/wp\/v2\/pages\/711062","targetHints":{"allow":["GET"]}}],"collection":[{"href":"https:\/\/notar-setzer.de\/index.php\/wp-json\/wp\/v2\/pages"}],"about":[{"href":"https:\/\/notar-setzer.de\/index.php\/wp-json\/wp\/v2\/types\/page"}],"author":[{"embeddable":true,"href":"https:\/\/notar-setzer.de\/index.php\/wp-json\/wp\/v2\/users\/1"}],"replies":[{"embeddable":true,"href":"https:\/\/notar-setzer.de\/index.php\/wp-json\/wp\/v2\/comments?post=711062"}],"version-history":[{"count":6,"href":"https:\/\/notar-setzer.de\/index.php\/wp-json\/wp\/v2\/pages\/711062\/revisions"}],"predecessor-version":[{"id":711422,"href":"https:\/\/notar-setzer.de\/index.php\/wp-json\/wp\/v2\/pages\/711062\/revisions\/711422"}],"wp:attachment":[{"href":"https:\/\/notar-setzer.de\/index.php\/wp-json\/wp\/v2\/media?parent=711062"}],"curies":[{"name":"wp","href":"https:\/\/api.w.org\/{rel}","templated":true}]}}