{"id":711087,"date":"2018-05-18T15:41:40","date_gmt":"2018-05-18T13:41:40","guid":{"rendered":"http:\/\/web30.dev-web01.wareconsult.local\/?page_id=711087"},"modified":"2018-05-25T15:13:00","modified_gmt":"2018-05-25T13:13:00","slug":"immobilien","status":"publish","type":"page","link":"https:\/\/notar-setzer.de\/index.php\/taetigkeitsgebiete\/immobilien","title":{"rendered":"Immobilien"},"content":{"rendered":"<p>[vc_row][vc_column width=&#8220;2\/3&#8243;][vc_column_text]<\/p>\n<h3>Immobilienkauf<\/h3>\n<p>Der Kauf oder Verkauf einer Immobilie stellt f\u00fcr die meisten Beteiligten allein von der finanziellen Bedeutung alle anderen Gesch\u00e4fte in den Schatten. Erhebliche Betr\u00e4ge des ersparten Verm\u00f6gens m\u00fcssen investiert und zus\u00e4tzlich Darlehen aufgenommen werden. Auch f\u00fcr den Verk\u00e4ufer ist der Grundbesitz h\u00e4ufig der bedeutendste Gegenstand des eigenen Verm\u00f6gens.<br \/>\nDamit K\u00e4ufer und Verk\u00e4ufer bei einem solch wichtigen Vorgang sachgem\u00e4\u00df beraten werden und um Risiken zu vermeiden, ist die Mitwirkung des Notars vorgesehen. Der Notar sorgt f\u00fcr eine rechtlich ausgewogene Gestaltung und hilft Risiken zu vermeiden, er besorgt die f\u00fcr den Vollzug erforderlichen Unterlagen und \u00fcberwacht die Eigentumsumschreibung im Grundbuch auf den K\u00e4ufer.<br \/>\nSo muss beispielsweise verhindert werden, dass der K\u00e4ufer den Kaufpreis zahlt, ohne aber die Immobilie zu erhalten. Auf der anderen Seite darf der Verk\u00e4ufer seine Immobilie nicht verlieren, ohne den Kaufpreis zu erhalten. Der Notar bespricht mit den Vertragsbeteiligten ihre Zielvorstellungen, informiert sie \u00fcber die Regelungsm\u00f6glichkeiten und erstellt darauf aufbauend einen sachgerechten und ausgewogenen Entwurf eines Kaufvertrages.<br \/>\nImmobilienkaufvertr\u00e4ge k\u00f6nnen z.B. den Erwerb eines Bauplatzes, eines Ein- oder Mehrfamilienhauses, einer Eigentumswohnung oder auch eines Erbbaurechts betreffen. Die Besonderheiten eines Objekts wirken sich auf die Gestaltung eines Vertrages aus. Dies gilt insbesondere f\u00fcr einen sogenannten Bautr\u00e4gervertrag, mit dem der K\u00e4ufer ein Grundst\u00fcck oder einen Grundst\u00fccksanteil in Verbindung mit einem Geb\u00e4ude &#8211; Haus oder Wohnung &#8211; erwirbt, das erst noch gebaut wird. Bauherr dieser Immobilie ist dabei der Verk\u00e4ufer.<br \/>\nFolgende Aspekte regelt Ihre Notarin \/ Ihr Notar in jedem Immobilienkaufvertrag:<\/p>\n<ul>\n<li>Sicherung von K\u00e4ufer und Verk\u00e4ufer,<\/li>\n<li>L\u00f6schung oder Fortbestand von Belastungen,<\/li>\n<li>Gew\u00e4hrleistung f\u00fcr M\u00e4ngel,<\/li>\n<li>\u00dcbergang von Besitz, Nutzungen und Lasten,<\/li>\n<li>Aufteilung der Erschlie\u00dfungskosten und das<\/li>\n<\/ul>\n<p>Erfordernis einer Vermessung (Teilfl\u00e4chenkauf).<br \/>\nDie Finanzierung sollte vor der Beurkundung feststehen. Wird ein Bankdarlehen in Anspruch genommen, sollte der K\u00e4ufer mit seiner Bank besprechen, wann das Darlehen ausgezahlt werden kann. Der Notar wird dann die Regelung der F\u00e4lligkeit des Kaufpreises auf den Auszahlungszeitpunkt abstimmen. Ist die Finanzierung des Kaufpreises bei Abschluss des Kaufvertrages schon im Einzelnen gekl\u00e4rt, kann das zur Absicherung des Darlehens dienende Grundpfandrecht (Grundschuld oder Hypothek) unmittelbar im Anschluss an den Kaufvertrag beurkundet werden.<\/p>\n<p><u>Weiterf\u00fchrende Informationen:<\/u>[\/vc_column_text][\/vc_column][vc_column width=&#8220;1\/3&#8243;][vc_single_image image=&#8220;711270&#8243;][\/vc_column][\/vc_row][vc_row][vc_column width=&#8220;1\/3&#8243;]<div class=\"item simple-grid-item vntd-content-box simple-grid-boxed img-hover-effect-zoom caption-align-left vntd-with-arrow item-no-image\"><div class=\"simple-grid-caption vntd-caption\"><a href=\"http:\/\/www.bnotk.de\/Buergerservice\/Informationen\/Immobilien\/Faelligkeit.php\" title=\"Kaufpreisf\u00e4lligkeit\" target=\"_self\"><h6 class=\"simple-grid-title\">Kaufpreisf\u00e4lligkeit<\/h6><\/a><a href=\"http:\/\/www.bnotk.de\/Buergerservice\/Informationen\/Immobilien\/Faelligkeit.php\" class=\"simple-grid-btn post-more\">mehr erfahren<\/a><\/div><\/div><div class=\"item simple-grid-item vntd-content-box simple-grid-boxed img-hover-effect-zoom caption-align-left vntd-with-arrow item-no-image\"><div class=\"simple-grid-caption vntd-caption\"><a href=\"http:\/\/www.bnotk.de\/Buergerservice\/Informationen\/Immobilien\/Grundpfandrechte.php\" title=\"Kreditsicherheiten\" target=\"_self\"><h6 class=\"simple-grid-title\">Kreditsicherheiten<\/h6><\/a><a href=\"http:\/\/www.bnotk.de\/Buergerservice\/Informationen\/Immobilien\/Grundpfandrechte.php\" class=\"simple-grid-btn post-more\">mehr erfahren<\/a><\/div><\/div>[\/vc_column][vc_column width=&#8220;1\/3&#8243;]<div class=\"item simple-grid-item vntd-content-box simple-grid-boxed img-hover-effect-zoom caption-align-left vntd-with-arrow item-no-image\"><div class=\"simple-grid-caption vntd-caption\"><a href=\"http:\/\/www.bnotk.de\/Buergerservice\/Informationen\/Immobilien\/Besitz.php\" title=\"Besitz, Nutzen, Lasten\" target=\"_self\"><h6 class=\"simple-grid-title\">Besitz, Nutzen, Lasten<\/h6><\/a><a href=\"http:\/\/www.bnotk.de\/Buergerservice\/Informationen\/Immobilien\/Besitz.php\" class=\"simple-grid-btn post-more\">mehr erfahren<\/a><\/div><\/div><div class=\"item simple-grid-item vntd-content-box simple-grid-boxed img-hover-effect-zoom caption-align-left vntd-with-arrow item-no-image\"><div class=\"simple-grid-caption vntd-caption\"><a href=\"http:\/\/www.bnotk.de\/Buergerservice\/Informationen\/Immobilien\/Eigentumswohnung.php\" title=\"Kauf einer Eigentumswohnung\" target=\"_self\"><h6 class=\"simple-grid-title\">Kauf einer Eigentumswohnung<\/h6><\/a><a href=\"http:\/\/www.bnotk.de\/Buergerservice\/Informationen\/Immobilien\/Eigentumswohnung.php\" class=\"simple-grid-btn post-more\">mehr erfahren<\/a><\/div><\/div>[\/vc_column][vc_column width=&#8220;1\/3&#8243;]<div class=\"item simple-grid-item vntd-content-box simple-grid-boxed img-hover-effect-zoom caption-align-left vntd-with-arrow item-no-image\"><div class=\"simple-grid-caption vntd-caption\"><a href=\"http:\/\/www.bnotk.de\/Buergerservice\/Informationen\/Immobilien\/Eigentum.php\" title=\"Eigentums\u00fcbertragung\" target=\"_self\"><h6 class=\"simple-grid-title\">Eigentums\u00fcbertragung<\/h6><\/a><a href=\"http:\/\/www.bnotk.de\/Buergerservice\/Informationen\/Immobilien\/Eigentum.php\" class=\"simple-grid-btn post-more\">mehr erfahren<\/a><\/div><\/div>[\/vc_column][\/vc_row]<\/p>\n","protected":false},"excerpt":{"rendered":"<p>[vc_row][vc_column width=&#8220;2\/3&#8243;][vc_column_text] Immobilienkauf Der Kauf oder Verkauf einer Immobilie stellt f\u00fcr die meisten Beteiligten allein von der finanziellen Bedeutung alle anderen Gesch\u00e4fte in den Schatten. Erhebliche Betr\u00e4ge des ersparten Verm\u00f6gens m\u00fcssen investiert und zus\u00e4tzlich Darlehen aufgenommen werden. Auch f\u00fcr den Verk\u00e4ufer ist der Grundbesitz h\u00e4ufig der bedeutendste Gegenstand des eigenen [&hellip;]<\/p>\n","protected":false},"author":1,"featured_media":0,"parent":198,"menu_order":0,"comment_status":"closed","ping_status":"closed","template":"","meta":{"footnotes":""},"class_list":["post-711087","page","type-page","status-publish","hentry"],"_links":{"self":[{"href":"https:\/\/notar-setzer.de\/index.php\/wp-json\/wp\/v2\/pages\/711087","targetHints":{"allow":["GET"]}}],"collection":[{"href":"https:\/\/notar-setzer.de\/index.php\/wp-json\/wp\/v2\/pages"}],"about":[{"href":"https:\/\/notar-setzer.de\/index.php\/wp-json\/wp\/v2\/types\/page"}],"author":[{"embeddable":true,"href":"https:\/\/notar-setzer.de\/index.php\/wp-json\/wp\/v2\/users\/1"}],"replies":[{"embeddable":true,"href":"https:\/\/notar-setzer.de\/index.php\/wp-json\/wp\/v2\/comments?post=711087"}],"version-history":[{"count":6,"href":"https:\/\/notar-setzer.de\/index.php\/wp-json\/wp\/v2\/pages\/711087\/revisions"}],"predecessor-version":[{"id":711278,"href":"https:\/\/notar-setzer.de\/index.php\/wp-json\/wp\/v2\/pages\/711087\/revisions\/711278"}],"up":[{"embeddable":true,"href":"https:\/\/notar-setzer.de\/index.php\/wp-json\/wp\/v2\/pages\/198"}],"wp:attachment":[{"href":"https:\/\/notar-setzer.de\/index.php\/wp-json\/wp\/v2\/media?parent=711087"}],"curies":[{"name":"wp","href":"https:\/\/api.w.org\/{rel}","templated":true}]}}