{"id":711090,"date":"2018-05-18T15:47:11","date_gmt":"2018-05-18T13:47:11","guid":{"rendered":"http:\/\/web30.dev-web01.wareconsult.local\/?page_id=711090"},"modified":"2018-05-22T14:07:09","modified_gmt":"2018-05-22T12:07:09","slug":"vererben-und-schenken","status":"publish","type":"page","link":"https:\/\/notar-setzer.de\/index.php\/taetigkeitsgebiete\/vererben-und-schenken","title":{"rendered":"Vererben und Schenken"},"content":{"rendered":"<p>[vc_row][vc_column][vc_column_text]<strong>In der Bundesrepublik Deutschland stehen in den n\u00e4chsten Jahren und Jahrzehnten erhebliche Verm\u00f6genswerte zur Vererbung an. Der Gesetzgeber sieht f\u00fcr den \u00dcbergang dieser Verm\u00f6genswerte die sogenannte gesetzliche Erbfolge vor.<\/strong><br \/>\nDas Gesetz unterscheidet dabei nicht, ob der Nachlass aus einem Einfamilienhaus, Mehrfamilienhaus, Sparbuch, Wertpapierdepots, Unternehmen u.s.w. besteht. Das Erbrecht h\u00e4ngt auch nicht davon ab, ob der Erblasser zu den einzelnen erbberechtigten Angeh\u00f6rigen ein gutes Verh\u00e4ltnis oder keinen Kontakt hatte. Befindet sich ein Unternehmen im Nachlass, wird nicht danach gefragt, ob die Erben auch in der Lage sind, das Unternehmen weiterzuf\u00fchren. Es versteht sich von selbst, dass steuerliche Gestaltungsm\u00f6glichkeiten durch die gesetzliche Erbfolge meistens nicht optimal ausgenutzt werden. Die Liste lie\u00dfe sich problemlos weiterf\u00fchren.<br \/>\nDas Gesetz gibt aber auch die M\u00f6glichkeit, die <strong>Verm\u00f6gensnachfolge weitgehend individuell zu gestalten<\/strong>. Lediglich durch die sogenannten Pflichtteilsanspr\u00fcche enger Angeh\u00f6riger sind gewisse Grenzen gesetzt.<br \/>\nDie Verm\u00f6gensnachfolge selbst kann auf zwei verschiedene Arten und Weisen erfolgen. Zum einen ist dies eine Verm\u00f6gensnachfolge durch Erbfolge , d.h. mit Tod des Erblassers, zum anderen ist dies die vorweggenommene Erbfolge, d.h. zu Lebzeiten des \u00dcbertragenden. Beide Vorgehensweisen haben Vor- und Nachteile und zum Teil auch g\u00e4nzlich unterschiedliche Auswirkungen, so dass keiner der angesprochenen Wege pauschal als besser bezeichnet werden kann. Vielfach ist eine kombinierte L\u00f6sung zwischen vorweggenommener Erbfolge und Testament am Vorteilhaftesten. Hierbei sind zahlreiche Gesetzesvorschriften zu beachten, um die richtige Regelung zu treffen. Ohne Beratung ist dies vielfach nicht m\u00f6glich.<br \/>\nDer Notar, dessen &#8222;t\u00e4gliches Brot&#8220; die Besch\u00e4ftigung mit diesen Fragen ist, wird in einem Gespr\u00e4ch mit Ihnen die f\u00fcr Sie richtige L\u00f6sung finden und in ein rechtliches Kleid umsetzen k\u00f6nnen.<br \/>\nAb 1.1.2012 werden alle notariellen erbfolgerelevanten Urkunden in einem <strong>Zentralen Testamentsregister<\/strong> bei der Bundesnotarkammer verzeichnet. Die Registerbeh\u00f6rde benachrichtigt im Sterbefall die Verwahrstelle, damit die Urkunde ohne zeitliche Verz\u00f6gerung zum zust\u00e4ndigen Nachlassgericht gelangen kann. Dadurch wird sichergestellt, dass Ihr letzter Wille auch Geltung erlangt.<\/p>\n<p><u>Weiterf\u00fchrende Informationen:<\/u>[\/vc_column_text][\/vc_column][\/vc_row][vc_row][vc_column width=&#8220;1\/4&#8243;]<div class=\"item simple-grid-item vntd-content-box simple-grid-boxed img-hover-effect-zoom caption-align-left vntd-with-arrow item-no-image\"><div class=\"simple-grid-caption vntd-caption\"><a href=\"http:\/\/www.bnotk.de\/Buergerservice\/Informationen\/Erben\/Erbfolge.php\" title=\"Gesetzliche Erbfolge\" target=\"_self\"><h6 class=\"simple-grid-title\">Gesetzliche Erbfolge<\/h6><\/a><a href=\"http:\/\/www.bnotk.de\/Buergerservice\/Informationen\/Erben\/Erbfolge.php\" class=\"simple-grid-btn post-more\">mehr erfahren<\/a><\/div><\/div><div class=\"item simple-grid-item vntd-content-box simple-grid-boxed img-hover-effect-zoom caption-align-left vntd-with-arrow item-no-image\"><div class=\"simple-grid-caption vntd-caption\"><a href=\"http:\/\/www.bnotk.de\/Buergerservice\/Informationen\/Erben\/Erbfall.php\" title=\"Erbfall\" target=\"_self\"><h6 class=\"simple-grid-title\">Erbfall<\/h6><\/a><a href=\"http:\/\/www.bnotk.de\/Buergerservice\/Informationen\/Erben\/Erbfall.php\" class=\"simple-grid-btn post-more\">mehr erfahren<\/a><\/div><\/div>[\/vc_column][vc_column width=&#8220;1\/4&#8243;]<div class=\"item simple-grid-item vntd-content-box simple-grid-boxed img-hover-effect-zoom caption-align-left vntd-with-arrow item-no-image\"><div class=\"simple-grid-caption vntd-caption\"><a href=\"http:\/\/www.bnotk.de\/Buergerservice\/Informationen\/Erben\/Notariell.php\" title=\"Testament \/ Erbvertrag\" target=\"_self\"><h6 class=\"simple-grid-title\">Testament \/ Erbvertrag<\/h6><\/a><a href=\"http:\/\/www.bnotk.de\/Buergerservice\/Informationen\/Erben\/Notariell.php\" class=\"simple-grid-btn post-more\">mehr erfahren<\/a><\/div><\/div><div class=\"item simple-grid-item vntd-content-box simple-grid-boxed img-hover-effect-zoom caption-align-left vntd-with-arrow item-no-image\"><div class=\"simple-grid-caption vntd-caption\"><a href=\"http:\/\/www.bnotk.de\/Buergerservice\/Informationen\/Erben\/Schenkung.php\" title=\"Schenkung\" target=\"_self\"><h6 class=\"simple-grid-title\">Schenkung<\/h6><\/a><a href=\"http:\/\/www.bnotk.de\/Buergerservice\/Informationen\/Erben\/Schenkung.php\" class=\"simple-grid-btn post-more\">mehr erfahren<\/a><\/div><\/div>[\/vc_column][vc_column width=&#8220;1\/4&#8243;]<div class=\"item simple-grid-item vntd-content-box simple-grid-boxed img-hover-effect-zoom caption-align-left vntd-with-arrow item-no-image\"><div class=\"simple-grid-caption vntd-caption\"><a href=\"http:\/\/www.bnotk.de\/Buergerservice\/Informationen\/Erben\/Eigenhaendiges.php\" title=\"Notarielle Urkunde\" target=\"_self\"><h6 class=\"simple-grid-title\">Notarielle Urkunde<\/h6><\/a><a href=\"http:\/\/www.bnotk.de\/Buergerservice\/Informationen\/Erben\/Eigenhaendiges.php\" class=\"simple-grid-btn post-more\">mehr erfahren<\/a><\/div><\/div><div class=\"item simple-grid-item vntd-content-box simple-grid-boxed img-hover-effect-zoom caption-align-left vntd-with-arrow item-no-image\"><div class=\"simple-grid-caption vntd-caption\"><a href=\"http:\/\/www.bnotk.de\/Buergerservice\/Informationen\/Erben\/Steuer.php\" title=\"Steuer\" target=\"_self\"><h6 class=\"simple-grid-title\">Steuer<\/h6><\/a><a href=\"http:\/\/www.bnotk.de\/Buergerservice\/Informationen\/Erben\/Steuer.php\" class=\"simple-grid-btn post-more\">mehr erfahren<\/a><\/div><\/div>[\/vc_column][vc_column width=&#8220;1\/4&#8243;]<div class=\"item simple-grid-item vntd-content-box simple-grid-boxed img-hover-effect-zoom caption-align-left vntd-with-arrow item-no-image\"><div class=\"simple-grid-caption vntd-caption\"><a href=\"http:\/\/www.bnotk.de\/Buergerservice\/Informationen\/Erben\/ZTR.php\" title=\"Testamentregister\" target=\"_self\"><h6 class=\"simple-grid-title\">Testamentregister<\/h6><\/a><a href=\"http:\/\/www.bnotk.de\/Buergerservice\/Informationen\/Erben\/ZTR.php\" class=\"simple-grid-btn post-more\">mehr erfahren<\/a><\/div><\/div>[\/vc_column][\/vc_row]<\/p>\n","protected":false},"excerpt":{"rendered":"<p>[vc_row][vc_column][vc_column_text]In der Bundesrepublik Deutschland stehen in den n\u00e4chsten Jahren und Jahrzehnten erhebliche Verm\u00f6genswerte zur Vererbung an. Der Gesetzgeber sieht f\u00fcr den \u00dcbergang dieser Verm\u00f6genswerte die sogenannte gesetzliche Erbfolge vor. Das Gesetz unterscheidet dabei nicht, ob der Nachlass aus einem Einfamilienhaus, Mehrfamilienhaus, Sparbuch, Wertpapierdepots, Unternehmen u.s.w. besteht. Das Erbrecht h\u00e4ngt auch [&hellip;]<\/p>\n","protected":false},"author":1,"featured_media":0,"parent":198,"menu_order":0,"comment_status":"closed","ping_status":"closed","template":"","meta":{"footnotes":""},"class_list":["post-711090","page","type-page","status-publish","hentry"],"_links":{"self":[{"href":"https:\/\/notar-setzer.de\/index.php\/wp-json\/wp\/v2\/pages\/711090","targetHints":{"allow":["GET"]}}],"collection":[{"href":"https:\/\/notar-setzer.de\/index.php\/wp-json\/wp\/v2\/pages"}],"about":[{"href":"https:\/\/notar-setzer.de\/index.php\/wp-json\/wp\/v2\/types\/page"}],"author":[{"embeddable":true,"href":"https:\/\/notar-setzer.de\/index.php\/wp-json\/wp\/v2\/users\/1"}],"replies":[{"embeddable":true,"href":"https:\/\/notar-setzer.de\/index.php\/wp-json\/wp\/v2\/comments?post=711090"}],"version-history":[{"count":5,"href":"https:\/\/notar-setzer.de\/index.php\/wp-json\/wp\/v2\/pages\/711090\/revisions"}],"predecessor-version":[{"id":711176,"href":"https:\/\/notar-setzer.de\/index.php\/wp-json\/wp\/v2\/pages\/711090\/revisions\/711176"}],"up":[{"embeddable":true,"href":"https:\/\/notar-setzer.de\/index.php\/wp-json\/wp\/v2\/pages\/198"}],"wp:attachment":[{"href":"https:\/\/notar-setzer.de\/index.php\/wp-json\/wp\/v2\/media?parent=711090"}],"curies":[{"name":"wp","href":"https:\/\/api.w.org\/{rel}","templated":true}]}}