{"id":711096,"date":"2018-05-18T15:54:21","date_gmt":"2018-05-18T13:54:21","guid":{"rendered":"http:\/\/web30.dev-web01.wareconsult.local\/?page_id=711096"},"modified":"2025-04-04T14:10:42","modified_gmt":"2025-04-04T12:10:42","slug":"ehe-partnerschaft-und-familie","status":"publish","type":"page","link":"https:\/\/notar-setzer.de\/index.php\/taetigkeitsgebiete\/ehe-partnerschaft-und-familie","title":{"rendered":"Ehe, Partnerschaft und Familie"},"content":{"rendered":"<p>[vc_row][vc_column width=&#8220;2\/3&#8243;][vc_column_text]<strong>Die Begr\u00fcndung einer Lebensgemeinschaft, ehelich oder nichtehelich, z\u00e4hlt vermutlich zu den wichtigsten Entscheidungen in Ihrem Leben.<\/strong><br \/>\nDie Partner sind bereit, die Zukunft miteinander gemeinsam zu gestalten. F\u00fcr den gemeinsamen Lebensweg bietet das Gesetz in erster Linie die Ehe an. Gleichgeschlechtlichen Paaren steht die eingetragene Lebenspartnerschaft offen. Daneben finden sich in zunehmender Zahl auch sog. nichteheliche Lebensgemeinschaften.<br \/>\nDas Zusammenleben wirft zahlreiche Fragen auf, die bedacht werden sollten, wie zum Beispiel:<\/p>\n<ul>\n<li>Was geschieht mit dem alleinigen, was mit dem beiderseitigen Verm\u00f6gen?<\/li>\n<li>Soll Verm\u00f6gen (z.B. Grundbesitz) gemeinsam oder alleine erworben werden und welche steuerlichen Konsequenzen ergeben sich daraus?<\/li>\n<li>Hafte ich f\u00fcr die Schulden meines Partners?<\/li>\n<li>Bin ich im Alter abgesichert?<\/li>\n<li>Stehen mir Zahlungen bei Krankheit und Erwerbsunf\u00e4higkeit zu oder muss ich Anspr\u00fcche meines Partners erwarten?<\/li>\n<li>Welche Rechte und Pflichten habe ich bez\u00fcglich gemeinsamer Kinder?<\/li>\n<li>Was geschieht im Falle der Trennung?<\/li>\n<li>Welche Rechte habe ich im Todesfall?<\/li>\n<li>Was gilt f\u00fcr den Fall einer &#8222;internationalen Ehe&#8220;?<\/li>\n<\/ul>\n<p>Die Antworten auf diese Fragen fallen h\u00f6chst unterschiedlich aus, abh\u00e4ngig davon, ob die Partner in ehelicher, lebenspartnerschaftlicher oder in nichtehelicher Gemeinschaft zusammenleben. Das Gesetz bietet jedoch die M\u00f6glichkeit, individuelle Vereinbarungen zu treffen und selbst\u00e4ndig die passende Regelung zu w\u00e4hlen.<br \/>\nVoraussetzung ist dabei die genaue Kenntnis der Gesetzeslage. Der Notar kann als unparteiischer Berater diese Kenntnis vermitteln und einen vern\u00fcnftigen und ausgewogenen Vertrag anbieten. Der Notar verhilft den Partnern zu einem ma\u00dfgeschneiderten rechtlichen Kleid f\u00fcr ihre pers\u00f6nliche Lebenssituation.<br \/>\nAber auch in Bezug auf das Verh\u00e4ltnis zwischen Eltern und Kindern, einschlie\u00dflich Fragen zur Adoption ist der Notar der richtige Ansprechpartner.<\/p>\n<p><u>Weiterf\u00fchrende Informationen:<\/u>[\/vc_column_text][\/vc_column][vc_column width=&#8220;1\/3&#8243;][vc_single_image image=&#8220;711272&#8243;][\/vc_column][\/vc_row][vc_row][vc_column width=&#8220;1\/3&#8243;][vc_column_text]<div class=\"item simple-grid-item vntd-content-box simple-grid-boxed img-hover-effect-zoom caption-align-left vntd-with-arrow item-no-image\"><div class=\"simple-grid-caption vntd-caption\"><a href=\"http:\/\/www.bnotk.de\/Buergerservice\/Informationen\/Familie\/Ehevertrag.php\" title=\"Ehevertrag\" target=\"_self\"><h6 class=\"simple-grid-title\">Ehevertrag<\/h6><\/a><a href=\"http:\/\/www.bnotk.de\/Buergerservice\/Informationen\/Familie\/Ehevertrag.php\" class=\"simple-grid-btn post-more\">mehr erfahren<\/a><\/div><\/div><div class=\"item simple-grid-item vntd-content-box simple-grid-boxed img-hover-effect-zoom caption-align-left vntd-with-arrow item-no-image\"><div class=\"simple-grid-caption vntd-caption\"><a href=\"http:\/\/www.bnotk.de\/Buergerservice\/Informationen\/Familie\/Lebensgemeinschaft.php\" title=\"Lebensgemeinschaft\" target=\"_self\"><h6 class=\"simple-grid-title\">Lebensgemeinschaft<\/h6><\/a><a href=\"http:\/\/www.bnotk.de\/Buergerservice\/Informationen\/Familie\/Lebensgemeinschaft.php\" class=\"simple-grid-btn post-more\">mehr erfahren<\/a><\/div><\/div>[\/vc_column_text][\/vc_column][vc_column width=&#8220;1\/3&#8243;][vc_column_text]<div class=\"item simple-grid-item vntd-content-box simple-grid-boxed img-hover-effect-zoom caption-align-left vntd-with-arrow item-no-image\"><div class=\"simple-grid-caption vntd-caption\"><a href=\"http:\/\/www.bnotk.de\/Buergerservice\/Informationen\/Familie\/Scheidung.php\" title=\"Scheidungsfolgen\" target=\"_self\"><h6 class=\"simple-grid-title\">Scheidungsfolgen<\/h6><\/a><a href=\"http:\/\/www.bnotk.de\/Buergerservice\/Informationen\/Familie\/Scheidung.php\" class=\"simple-grid-btn post-more\">mehr erfahren<\/a><\/div><\/div><div class=\"item simple-grid-item vntd-content-box simple-grid-boxed img-hover-effect-zoom caption-align-left vntd-with-arrow item-no-image\"><div class=\"simple-grid-caption vntd-caption\"><a href=\"http:\/\/www.bnotk.de\/Buergerservice\/Informationen\/Familie\/Kinder.php\" title=\"Kinder, Adoption\" target=\"_self\"><h6 class=\"simple-grid-title\">Kinder, Adoption<\/h6><\/a><a href=\"http:\/\/www.bnotk.de\/Buergerservice\/Informationen\/Familie\/Kinder.php\" class=\"simple-grid-btn post-more\">mehr erfahren<\/a><\/div><\/div>[\/vc_column_text][\/vc_column][vc_column width=&#8220;1\/3&#8243;][vc_column_text]<div class=\"item simple-grid-item vntd-content-box simple-grid-boxed img-hover-effect-zoom caption-align-left vntd-with-arrow item-no-image\"><div class=\"simple-grid-caption vntd-caption\"><a href=\"http:\/\/www.bnotk.de\/Buergerservice\/Informationen\/Familie\/Lebenspartnerschaft.php\" title=\"Lebenspartnerschaft\" target=\"_self\"><h6 class=\"simple-grid-title\">Lebenspartnerschaft<\/h6><\/a><a href=\"http:\/\/www.bnotk.de\/Buergerservice\/Informationen\/Familie\/Lebenspartnerschaft.php\" class=\"simple-grid-btn post-more\">mehr erfahren<\/a><\/div><\/div>[\/vc_column_text][\/vc_column][\/vc_row]<\/p>\n","protected":false},"excerpt":{"rendered":"<p>[vc_row][vc_column width=&#8220;2\/3&#8243;][vc_column_text]Die Begr\u00fcndung einer Lebensgemeinschaft, ehelich oder nichtehelich, z\u00e4hlt vermutlich zu den wichtigsten Entscheidungen in Ihrem Leben. Die Partner sind bereit, die Zukunft miteinander gemeinsam zu gestalten. F\u00fcr den gemeinsamen Lebensweg bietet das Gesetz in erster Linie die Ehe an. Gleichgeschlechtlichen Paaren steht die eingetragene Lebenspartnerschaft offen. Daneben finden sich [&hellip;]<\/p>\n","protected":false},"author":1,"featured_media":0,"parent":198,"menu_order":0,"comment_status":"closed","ping_status":"closed","template":"","meta":{"footnotes":""},"class_list":["post-711096","page","type-page","status-publish","hentry"],"_links":{"self":[{"href":"https:\/\/notar-setzer.de\/index.php\/wp-json\/wp\/v2\/pages\/711096","targetHints":{"allow":["GET"]}}],"collection":[{"href":"https:\/\/notar-setzer.de\/index.php\/wp-json\/wp\/v2\/pages"}],"about":[{"href":"https:\/\/notar-setzer.de\/index.php\/wp-json\/wp\/v2\/types\/page"}],"author":[{"embeddable":true,"href":"https:\/\/notar-setzer.de\/index.php\/wp-json\/wp\/v2\/users\/1"}],"replies":[{"embeddable":true,"href":"https:\/\/notar-setzer.de\/index.php\/wp-json\/wp\/v2\/comments?post=711096"}],"version-history":[{"count":7,"href":"https:\/\/notar-setzer.de\/index.php\/wp-json\/wp\/v2\/pages\/711096\/revisions"}],"predecessor-version":[{"id":711602,"href":"https:\/\/notar-setzer.de\/index.php\/wp-json\/wp\/v2\/pages\/711096\/revisions\/711602"}],"up":[{"embeddable":true,"href":"https:\/\/notar-setzer.de\/index.php\/wp-json\/wp\/v2\/pages\/198"}],"wp:attachment":[{"href":"https:\/\/notar-setzer.de\/index.php\/wp-json\/wp\/v2\/media?parent=711096"}],"curies":[{"name":"wp","href":"https:\/\/api.w.org\/{rel}","templated":true}]}}