{"id":711100,"date":"2018-05-18T15:56:40","date_gmt":"2018-05-18T13:56:40","guid":{"rendered":"http:\/\/web30.dev-web01.wareconsult.local\/?page_id=711100"},"modified":"2022-01-08T18:10:35","modified_gmt":"2022-01-08T17:10:35","slug":"notarielle-vorsorgemassnahmen","status":"publish","type":"page","link":"https:\/\/notar-setzer.de\/index.php\/taetigkeitsgebiete\/notarielle-vorsorgemassnahmen","title":{"rendered":"Notarielle Vorsorgema\u00dfnahmen"},"content":{"rendered":"<p>[vc_row][vc_column width=&#8220;2\/3&#8243;][vc_column_text]<strong>Der Notfall sollte &#8211; auch in rechtlicher Hinsicht &#8211; niemanden unvorbereitet treffen. Eine pl\u00f6tzliche oder altersbedingte Krankheit oder ein Unfall k\u00f6nnen nicht nur zu wesentlichen Ver\u00e4nderungen in der allgemeinen pers\u00f6nlichen Lebensgestaltung f\u00fchren. Krankheit und Unfall k\u00f6nnen auch zur Folge haben, dass man seine pers\u00f6nlichen Dinge (rechtlich) nicht mehr selbst regeln kann und auf die Mitwirkung anderer angewiesen ist.<\/strong><br \/>\nDer n\u00e4chste Verwandte bzw. der Ehegatte oder der Lebensgef\u00e4hrte kann in solchen Situationen nicht automatisch f\u00fcr die betroffene Person handeln und entscheiden. Es ist daher ratsam, f\u00fcr solche F\u00e4lle Vorsorge zu treffen. So kann vor allem vermieden werden, dass andere fremde Personen allein \u00fcber das eigene weitere Befinden entscheiden.<br \/>\nDer Notar bereitet f\u00fcr diese Notf\u00e4lle als Vorsorge auf den konkreten Einzelfall abgestimmte Vollmachten und andere Anordnungen vor. So wird die Gew\u00e4hr geboten, dass die ausgesprochenen Vollmachten und weiteren Anordnungen im Notfall auch Geltung erlangen. Notarielle Vorsorgevollmachten und Betreuungsverf\u00fcgungen k\u00f6nnen im Zentralen Vorsorgeregister registriert werden.<\/p>\n<p>Im Wesentlichen stehen folgende Vollmachten und Anordnungen zur Verf\u00fcgung:[\/vc_column_text][\/vc_column][vc_column width=&#8220;1\/3&#8243;][vc_single_image image=&#8220;711271&#8243;][\/vc_column][\/vc_row][vc_row][vc_column width=&#8220;1\/3&#8243;]<div class=\"item simple-grid-item vntd-content-box simple-grid-boxed img-hover-effect-zoom caption-align-left vntd-with-arrow item-no-image\"><div class=\"simple-grid-caption vntd-caption\"><a href=\"http:\/\/www.bnotk.de\/Buergerservice\/Informationen\/Vollmacht\/Vorsorgevollmacht.php\" title=\"General- und Vorsorgevollmacht\" target=\"_self\"><h6 class=\"simple-grid-title\">General- und Vorsorgevollmacht<\/h6><\/a><a href=\"http:\/\/www.bnotk.de\/Buergerservice\/Informationen\/Vollmacht\/Vorsorgevollmacht.php\" class=\"simple-grid-btn post-more\">mehr erfahren<\/a><\/div><\/div>[\/vc_column][vc_column width=&#8220;1\/3&#8243;]<div class=\"item simple-grid-item vntd-content-box simple-grid-boxed img-hover-effect-zoom caption-align-left vntd-with-arrow item-no-image\"><div class=\"simple-grid-caption vntd-caption\"><a href=\"http:\/\/www.bnotk.de\/Buergerservice\/Informationen\/Vollmacht\/Patiententestament.php\" title=\"Patientenverf\u00fcgung\" target=\"_self\"><h6 class=\"simple-grid-title\">Patientenverf\u00fcgung<\/h6><\/a><a href=\"http:\/\/www.bnotk.de\/Buergerservice\/Informationen\/Vollmacht\/Patiententestament.php\" class=\"simple-grid-btn post-more\">mehr erfahren<\/a><\/div><\/div>[\/vc_column][vc_column width=&#8220;1\/3&#8243;]<div class=\"item simple-grid-item vntd-content-box simple-grid-boxed img-hover-effect-zoom caption-align-left vntd-with-arrow item-no-image\"><div class=\"simple-grid-caption vntd-caption\"><a href=\"http:\/\/www.bnotk.de\/Buergerservice\/Informationen\/Vollmacht\/BetreuungsVerf.php\" title=\"Betreuungsverf\u00fcgung\" target=\"_self\"><h6 class=\"simple-grid-title\">Betreuungsverf\u00fcgung<\/h6><\/a><a href=\"http:\/\/www.bnotk.de\/Buergerservice\/Informationen\/Vollmacht\/BetreuungsVerf.php\" class=\"simple-grid-btn post-more\">mehr erfahren<\/a><\/div><\/div>[\/vc_column][\/vc_row]<\/p>\n","protected":false},"excerpt":{"rendered":"<p>[vc_row][vc_column width=&#8220;2\/3&#8243;][vc_column_text]Der Notfall sollte &#8211; auch in rechtlicher Hinsicht &#8211; niemanden unvorbereitet treffen. Eine pl\u00f6tzliche oder altersbedingte Krankheit oder ein Unfall k\u00f6nnen nicht nur zu wesentlichen Ver\u00e4nderungen in der allgemeinen pers\u00f6nlichen Lebensgestaltung f\u00fchren. Krankheit und Unfall k\u00f6nnen auch zur Folge haben, dass man seine pers\u00f6nlichen Dinge (rechtlich) nicht mehr selbst [&hellip;]<\/p>\n","protected":false},"author":1,"featured_media":0,"parent":198,"menu_order":0,"comment_status":"closed","ping_status":"closed","template":"","meta":{"footnotes":""},"class_list":["post-711100","page","type-page","status-publish","hentry"],"_links":{"self":[{"href":"https:\/\/notar-setzer.de\/index.php\/wp-json\/wp\/v2\/pages\/711100","targetHints":{"allow":["GET"]}}],"collection":[{"href":"https:\/\/notar-setzer.de\/index.php\/wp-json\/wp\/v2\/pages"}],"about":[{"href":"https:\/\/notar-setzer.de\/index.php\/wp-json\/wp\/v2\/types\/page"}],"author":[{"embeddable":true,"href":"https:\/\/notar-setzer.de\/index.php\/wp-json\/wp\/v2\/users\/1"}],"replies":[{"embeddable":true,"href":"https:\/\/notar-setzer.de\/index.php\/wp-json\/wp\/v2\/comments?post=711100"}],"version-history":[{"count":5,"href":"https:\/\/notar-setzer.de\/index.php\/wp-json\/wp\/v2\/pages\/711100\/revisions"}],"predecessor-version":[{"id":711279,"href":"https:\/\/notar-setzer.de\/index.php\/wp-json\/wp\/v2\/pages\/711100\/revisions\/711279"}],"up":[{"embeddable":true,"href":"https:\/\/notar-setzer.de\/index.php\/wp-json\/wp\/v2\/pages\/198"}],"wp:attachment":[{"href":"https:\/\/notar-setzer.de\/index.php\/wp-json\/wp\/v2\/media?parent=711100"}],"curies":[{"name":"wp","href":"https:\/\/api.w.org\/{rel}","templated":true}]}}