{"id":711113,"date":"2018-05-18T16:35:31","date_gmt":"2018-05-18T14:35:31","guid":{"rendered":"http:\/\/web30.dev-web01.wareconsult.local\/?page_id=711113"},"modified":"2025-01-06T20:59:38","modified_gmt":"2025-01-06T19:59:38","slug":"datenblaetter","status":"publish","type":"page","link":"https:\/\/notar-setzer.de\/index.php\/terminvorbereitung\/datenblaetter","title":{"rendered":"Datenbl\u00e4tter"},"content":{"rendered":"<p>[vc_row][vc_column][vc_column_text]F\u00fcr folgende Themen bieten wir Ihnen <strong>Datenbl\u00e4tter zum direkten Download<\/strong> an:[\/vc_column_text][\/vc_column][\/vc_row][vc_row][vc_column width=&#8220;1\/3&#8243;][vc_column_text]<div class=\"vntd-icon-box vntd-content-element box-centered-outline icon-size-medium box-centered  animated vntd-animated  icon-box-with-link\" data-animation=\"fadeIn\" data-animation-delay=\"100\"><a href=\"https:\/\/notar-setzer.de\/wp-content\/uploads\/2022\/06\/Datenblatt_Kaufvertrag_NotarSetzer_2022_www.docx\" target=\"_blank\"><div class=\"icon-box-icon color-accent\"><i class=\"fa fa-file-pdf-o\"><\/i><\/div><div class=\"icon-box-content\"><h5 class=\"icon-box-title\">1. Kaufvertrag einer Immobilie<\/h5><p class=\"icon-description\"><\/p><span class=\"post-more post-more-icon\">Download<\/span><\/div><\/a><\/div><div class=\"vntd-icon-box vntd-content-element box-centered-outline icon-size-medium box-centered  animated vntd-animated  icon-box-with-link\" data-animation=\"fadeIn\" data-animation-delay=\"100\"><a href=\"https:\/\/notar-setzer.de\/wp-content\/uploads\/2022\/06\/Datenblatt_Vorsorgevollmacht_mitTestament_NotarSetzer2022_www.docx\" target=\"_blank\"><div class=\"icon-box-icon color-accent\"><i class=\"fa fa-file-pdf-o\"><\/i><\/div><div class=\"icon-box-content\"><h5 class=\"icon-box-title\">4. Testament \/ Erbvertrag<\/h5><p class=\"icon-description\"><\/p><span class=\"post-more post-more-icon\">Download<\/span><\/div><\/a><\/div><div class=\"vntd-icon-box vntd-content-element box-centered-outline icon-size-medium box-centered  animated vntd-animated  icon-box-with-link\" data-animation=\"fadeIn\" data-animation-delay=\"100\"><a href=\"http:\/\/web30.dev-web01.wareconsult.local\/wp-content\/uploads\/2018\/05\/cropped-favicon.png\" target=\"_blank\"><div class=\"icon-box-icon color-accent\"><i class=\"fa fa-file-pdf-o\"><\/i><\/div><div class=\"icon-box-content\"><h5 class=\"icon-box-title\">7. Erbscheinsantrag<\/h5><p class=\"icon-description\"><\/p><span class=\"post-more post-more-icon\">Download<\/span><\/div><\/a><\/div><div class=\"vntd-icon-box vntd-content-element box-centered-outline icon-size-medium box-centered  animated vntd-animated  icon-box-with-link\" data-animation=\"fadeIn\" data-animation-delay=\"100\"><a href=\"http:\/\/web30.dev-web01.wareconsult.local\/wp-content\/uploads\/2018\/05\/cropped-favicon.png\" target=\"_blank\"><div class=\"icon-box-icon color-accent\"><i class=\"fa fa-file-pdf-o\"><\/i><\/div><div class=\"icon-box-content\"><h5 class=\"icon-box-title\">10. GmbH: Gesch\u00e4ftsf\u00fchrer, Prokurist, Sonstiges<\/h5><p class=\"icon-description\"><\/p><span class=\"post-more post-more-icon\">Download<\/span><\/div><\/a><\/div>[\/vc_column_text][\/vc_column][vc_column width=&#8220;1\/3&#8243;][vc_column_text]<div class=\"vntd-icon-box vntd-content-element box-centered-outline icon-size-medium box-centered  animated vntd-animated  icon-box-with-link\" data-animation=\"fadeIn\" data-animation-delay=\"100\"><a href=\"https:\/\/notar-setzer.de\/wp-content\/uploads\/2022\/06\/Datenblatt_Schenkung-Uebergabevertrag_NotarSetzer_2022_www.docx\" target=\"_blank\"><div class=\"icon-box-icon color-accent\"><i class=\"fa fa-file-pdf-o\"><\/i><\/div><div class=\"icon-box-content\"><h5 class=\"icon-box-title\">2. Schenkung \/ \u00dcbergabevertrag<\/h5><p class=\"icon-description\"><\/p><span class=\"post-more post-more-icon\">Download<\/span><\/div><\/a><\/div><div class=\"vntd-icon-box vntd-content-element box-centered-outline icon-size-medium box-centered  animated vntd-animated  icon-box-with-link\" data-animation=\"fadeIn\" data-animation-delay=\"100\"><a href=\"http:\/\/web30.dev-web01.wareconsult.local\/wp-content\/uploads\/2018\/05\/cropped-favicon.png\" target=\"_blank\"><div class=\"icon-box-icon color-accent\"><i class=\"fa fa-file-pdf-o\"><\/i><\/div><div class=\"icon-box-content\"><h5 class=\"icon-box-title\">5. Verein: Neugr\u00fcndung<\/h5><p class=\"icon-description\"><\/p><span class=\"post-more post-more-icon\">Download<\/span><\/div><\/a><\/div><div class=\"vntd-icon-box vntd-content-element box-centered-outline icon-size-medium box-centered  animated vntd-animated  icon-box-with-link\" data-animation=\"fadeIn\" data-animation-delay=\"100\"><a href=\"http:\/\/web30.dev-web01.wareconsult.local\/wp-content\/uploads\/2018\/05\/cropped-favicon.png\" target=\"_blank\"><div class=\"icon-box-icon color-accent\"><i class=\"fa fa-file-pdf-o\"><\/i><\/div><div class=\"icon-box-content\"><h5 class=\"icon-box-title\">8.  Erbauseinandersetzung\/Verm\u00e4chtniserf\u00fcllung<\/h5><p class=\"icon-description\"><\/p><span class=\"post-more post-more-icon\">Download<\/span><\/div><\/a><\/div><div class=\"vntd-icon-box vntd-content-element box-centered-outline icon-size-medium box-centered  animated vntd-animated  icon-box-with-link\" data-animation=\"fadeIn\" data-animation-delay=\"100\"><a href=\"http:\/\/web30.dev-web01.wareconsult.local\/wp-content\/uploads\/2018\/05\/cropped-favicon.png\" target=\"_blank\"><div class=\"icon-box-icon color-accent\"><i class=\"fa fa-file-pdf-o\"><\/i><\/div><div class=\"icon-box-content\"><h5 class=\"icon-box-title\">11.  Trennungs-\/Scheidungsvereinbarung<\/h5><p class=\"icon-description\"><\/p><span class=\"post-more post-more-icon\">Download<\/span><\/div><\/a><\/div>[\/vc_column_text][\/vc_column][vc_column width=&#8220;1\/3&#8243;][vc_column_text]<div class=\"vntd-icon-box vntd-content-element box-centered-outline icon-size-medium box-centered  animated vntd-animated  icon-box-with-link\" data-animation=\"fadeIn\" data-animation-delay=\"100\"><a href=\"https:\/\/notar-setzer.de\/wp-content\/uploads\/2022\/06\/Datenblatt_Vorsorgevollmacht_mitTestament_NotarSetzer2022_www.docx\" target=\"_blank\"><div class=\"icon-box-icon color-accent\"><i class=\"fa fa-file-pdf-o\"><\/i><\/div><div class=\"icon-box-content\"><h5 class=\"icon-box-title\">3. Vorsorgevollmacht \/ Patientenverf\u00fcgung<\/h5><p class=\"icon-description\"><\/p><span class=\"post-more post-more-icon\">Download<\/span><\/div><\/a><\/div><div class=\"vntd-icon-box vntd-content-element box-centered-outline icon-size-medium box-centered  animated vntd-animated  icon-box-with-link\" data-animation=\"fadeIn\" data-animation-delay=\"100\"><a href=\"http:\/\/web30.dev-web01.wareconsult.local\/wp-content\/uploads\/2018\/05\/cropped-favicon.png\" target=\"_blank\"><div class=\"icon-box-icon color-accent\"><i class=\"fa fa-file-pdf-o\"><\/i><\/div><div class=\"icon-box-content\"><h5 class=\"icon-box-title\">6. Verein: anzumeldende \u00c4nderungen<\/h5><p class=\"icon-description\"><\/p><span class=\"post-more post-more-icon\">Download<\/span><\/div><\/a><\/div><div class=\"vntd-icon-box vntd-content-element box-centered-outline icon-size-medium box-centered  animated vntd-animated  icon-box-with-link\" data-animation=\"fadeIn\" data-animation-delay=\"100\"><a href=\"http:\/\/web30.dev-web01.wareconsult.local\/wp-content\/uploads\/2018\/05\/cropped-favicon.png\" target=\"_blank\"><div class=\"icon-box-icon color-accent\"><i class=\"fa fa-file-pdf-o\"><\/i><\/div><div class=\"icon-box-content\"><h5 class=\"icon-box-title\">9. GmbH: Neugr\u00fcndung<\/h5><p class=\"icon-description\"><\/p><span class=\"post-more post-more-icon\">Download<\/span><\/div><\/a><\/div><div class=\"vntd-icon-box vntd-content-element box-centered-outline icon-size-medium box-centered  animated vntd-animated  icon-box-with-link\" data-animation=\"fadeIn\" data-animation-delay=\"100\"><a href=\"http:\/\/web30.dev-web01.wareconsult.local\/wp-content\/uploads\/2018\/05\/cropped-favicon.png\" target=\"_blank\"><div class=\"icon-box-icon color-accent\"><i class=\"fa fa-file-pdf-o\"><\/i><\/div><div class=\"icon-box-content\"><h5 class=\"icon-box-title\">12. Auseinandersetzung nach Scheidung<\/h5><p class=\"icon-description\"><\/p><span class=\"post-more post-more-icon\">Download<\/span><\/div><\/a><\/div>[\/vc_column_text][\/vc_column][\/vc_row][vc_row][vc_column][vc_column_text]Die Datenbl\u00e4tter lassen sich <strong>direkt am Bildschirm ausf\u00fcllen<\/strong> und abspeichern.<br \/>\nSenden Sie uns diese <strong>per E-Mail<\/strong> zu unter<a href=\"mailto:info@notar-setzer.de\"> info@notar-setzer.de<\/a> oder drucken diese aus und \u00fcbermitteln diese gerne auch per <strong>Fax<\/strong>: 07461 \/ 9680-60 oder per <strong>Post<\/strong>.<br \/>\nWir setzen uns dann umgehend mit Ihnen zur Vereinbarung eines Beurkundungstermins in Verbindung.<\/p>\n<p>Sollten Sie zu dem von Ihnen gew\u00fcnschten Thema kein Muster vorfinden, nehmen Sie bitte <strong>Kontakt<\/strong> mit uns auf.[\/vc_column_text][\/vc_column][\/vc_row][vc_row full_width=&#8220;stretch_row_content_no_spaces&#8220;][vc_column][vc_column_text]<div class=\"vntd-cta cta-text-color-dark bg-color-custom cta-align-center\" style=\"background-color: #f5f5f5\"><div class=\"container\"><div class=\"row\"><div class=\"cta-texts\"><h2 class=\"cta-heading\"><span>Nehmen Sie Kontakt mit uns auf!<\/span><\/h2><\/div><div class=\"cta-buttons\"><a href=\"https:\/\/notar-setzer.de\/index.php\/kontakt\/\" class=\"btn cta-btn1 btn-outline btn-accent btn-hover-accent\">Kontaktaufnahme<\/a><\/div><\/div><\/div><\/div>[\/vc_column_text][\/vc_column][\/vc_row]<\/p>\n","protected":false},"excerpt":{"rendered":"<p>[vc_row][vc_column][vc_column_text]F\u00fcr folgende Themen bieten wir Ihnen Datenbl\u00e4tter zum direkten Download an:[\/vc_column_text][\/vc_column][\/vc_row][vc_row][vc_column width=&#8220;1\/3&#8243;][vc_column_text][\/vc_column_text][\/vc_column][vc_column width=&#8220;1\/3&#8243;][vc_column_text][\/vc_column_text][\/vc_column][vc_column width=&#8220;1\/3&#8243;][vc_column_text][\/vc_column_text][\/vc_column][\/vc_row][vc_row][vc_column][vc_column_text]Die Datenbl\u00e4tter lassen sich direkt am Bildschirm ausf\u00fcllen und abspeichern. Senden Sie uns diese per E-Mail zu unter info@notar-setzer.de oder drucken diese aus und \u00fcbermitteln diese gerne auch per Fax: 07461 \/ 9680-60 oder per Post. Wir [&hellip;]<\/p>\n","protected":false},"author":1,"featured_media":0,"parent":936,"menu_order":0,"comment_status":"closed","ping_status":"closed","template":"","meta":{"footnotes":""},"class_list":["post-711113","page","type-page","status-publish","hentry"],"_links":{"self":[{"href":"https:\/\/notar-setzer.de\/index.php\/wp-json\/wp\/v2\/pages\/711113","targetHints":{"allow":["GET"]}}],"collection":[{"href":"https:\/\/notar-setzer.de\/index.php\/wp-json\/wp\/v2\/pages"}],"about":[{"href":"https:\/\/notar-setzer.de\/index.php\/wp-json\/wp\/v2\/types\/page"}],"author":[{"embeddable":true,"href":"https:\/\/notar-setzer.de\/index.php\/wp-json\/wp\/v2\/users\/1"}],"replies":[{"embeddable":true,"href":"https:\/\/notar-setzer.de\/index.php\/wp-json\/wp\/v2\/comments?post=711113"}],"version-history":[{"count":42,"href":"https:\/\/notar-setzer.de\/index.php\/wp-json\/wp\/v2\/pages\/711113\/revisions"}],"predecessor-version":[{"id":711569,"href":"https:\/\/notar-setzer.de\/index.php\/wp-json\/wp\/v2\/pages\/711113\/revisions\/711569"}],"up":[{"embeddable":true,"href":"https:\/\/notar-setzer.de\/index.php\/wp-json\/wp\/v2\/pages\/936"}],"wp:attachment":[{"href":"https:\/\/notar-setzer.de\/index.php\/wp-json\/wp\/v2\/media?parent=711113"}],"curies":[{"name":"wp","href":"https:\/\/api.w.org\/{rel}","templated":true}]}}