{"id":711467,"date":"2022-01-09T17:36:14","date_gmt":"2022-01-09T16:36:14","guid":{"rendered":"http:\/\/www.neu.notar-setzer.de\/?page_id=711467"},"modified":"2025-03-10T15:39:21","modified_gmt":"2025-03-10T14:39:21","slug":"kanzleihistorie","status":"publish","type":"page","link":"https:\/\/notar-setzer.de\/index.php\/kanzlei\/kanzleihistorie","title":{"rendered":"Kanzleihistorie"},"content":{"rendered":"<p>[vc_row][vc_column][vc_column_text]<div class=\"special-heading vntd-heading heading-no-border heading-align-left\"><h3 class=\"special-heading-title\">Kanzlei\u00fcbergabe<\/h3><\/div>[\/vc_column_text][\/vc_column][\/vc_row][vc_row][vc_column width=&#8220;1\/2&#8243;][vc_column_text]Sehr geehrte Damen und Herren,<\/p>\n<p>nach mehr als 15-j\u00e4hriger Amtszeit beende ich meine Notart\u00e4tigkeit zum 31.12.2017.<br \/>\nIch bedanke mich f\u00fcr das entgegen gebrachte Vertrauen und Ihre Treue als Mandant\/in.<br \/>\nHerr Harry Setzer, wird Sie ab dem neuen Jahr als Notar begleiten, beraten und betreuen.<br \/>\nEr wird seine Amtst\u00e4tigkeit in denselben R\u00e4umlichkeiten und mit denselben Mitarbeitern aus\u00fcben.<br \/>\nSie k\u00f6nnen sich auf einen nahtlosen \u00dcbergang verlassen.<\/p>\n<p>Mit freundlichen Gr\u00fc\u00dfen<\/p>\n<p><img loading=\"lazy\" decoding=\"async\" src=\"http:\/\/www.notar-setzer.de\/img\/unterschrift_werner.jpg\" width=\"102\" height=\"56\" \/><\/p>\n<p>Ihr Detlef Werner[\/vc_column_text][\/vc_column][vc_column width=&#8220;1\/2&#8243;][vc_single_image image=&#8220;711204&#8243;][\/vc_column][\/vc_row][vc_row][vc_column][vc_separator][vc_column_text]<\/p>\n<h2><img loading=\"lazy\" decoding=\"async\" class=\"wp-image-711252 alignleft\" src=\"http:\/\/www.notar-setzer.de\/wp-content\/uploads\/2018\/05\/logo_kanzleihaus.png\" alt=\"\" width=\"94\" height=\"138\" \/><\/h2>\n<h2 style=\"text-align: left;\"><\/h2>\n<h2><\/h2>\n<h2 style=\"text-align: left;\">Die Kanzlei<\/h2>\n<p>[\/vc_column_text][\/vc_column][\/vc_row][vc_row][vc_column width=&#8220;1\/2&#8243;][vc_column_text]Sehr geehrte Mandanten,<\/p>\n<p>nach meiner fast 25-j\u00e4hringen T\u00e4tigkeit im Notariat freue ich mich Sie nunmehr in den R\u00e4umlichkeiten von Herrn Notar Werner mit allen notariellen Dienstleistungen und in der gewohnten Qualit\u00e4t weiter betreuen zu d\u00fcrfen.<\/p>\n<p>Viele werden mich bereits aus meiner langj\u00e4hrigen T\u00e4tigkeit im Notariat Tuttlingen kennen.<\/p>\n<p>Ich hoffe, dass Sie mir weiterhin das gleiche Vertrauen schenken.<\/p>\n<p>Seien Sie herzlich willkommen<\/p>\n<h4>Ihr Notar Harry Setzer<br \/>\n&#8211; mit Kanzleiteam &#8211;<\/h4>\n<p>[\/vc_column_text][\/vc_column][vc_column width=&#8220;1\/2&#8243;][vc_single_image image=&#8220;711127&#8243;][\/vc_column][\/vc_row]<\/p>\n","protected":false},"excerpt":{"rendered":"<p>[vc_row][vc_column][vc_column_text][\/vc_column_text][\/vc_column][\/vc_row][vc_row][vc_column width=&#8220;1\/2&#8243;][vc_column_text]Sehr geehrte Damen und Herren, nach mehr als 15-j\u00e4hriger Amtszeit beende ich meine Notart\u00e4tigkeit zum 31.12.2017. Ich bedanke mich f\u00fcr das entgegen gebrachte Vertrauen und Ihre Treue als Mandant\/in. Herr Harry Setzer, wird Sie ab dem neuen Jahr als Notar begleiten, beraten und betreuen. Er wird seine Amtst\u00e4tigkeit in [&hellip;]<\/p>\n","protected":false},"author":1,"featured_media":0,"parent":711029,"menu_order":10,"comment_status":"closed","ping_status":"closed","template":"","meta":{"footnotes":""},"class_list":["post-711467","page","type-page","status-publish","hentry"],"_links":{"self":[{"href":"https:\/\/notar-setzer.de\/index.php\/wp-json\/wp\/v2\/pages\/711467","targetHints":{"allow":["GET"]}}],"collection":[{"href":"https:\/\/notar-setzer.de\/index.php\/wp-json\/wp\/v2\/pages"}],"about":[{"href":"https:\/\/notar-setzer.de\/index.php\/wp-json\/wp\/v2\/types\/page"}],"author":[{"embeddable":true,"href":"https:\/\/notar-setzer.de\/index.php\/wp-json\/wp\/v2\/users\/1"}],"replies":[{"embeddable":true,"href":"https:\/\/notar-setzer.de\/index.php\/wp-json\/wp\/v2\/comments?post=711467"}],"version-history":[{"count":7,"href":"https:\/\/notar-setzer.de\/index.php\/wp-json\/wp\/v2\/pages\/711467\/revisions"}],"predecessor-version":[{"id":711585,"href":"https:\/\/notar-setzer.de\/index.php\/wp-json\/wp\/v2\/pages\/711467\/revisions\/711585"}],"up":[{"embeddable":true,"href":"https:\/\/notar-setzer.de\/index.php\/wp-json\/wp\/v2\/pages\/711029"}],"wp:attachment":[{"href":"https:\/\/notar-setzer.de\/index.php\/wp-json\/wp\/v2\/media?parent=711467"}],"curies":[{"name":"wp","href":"https:\/\/api.w.org\/{rel}","templated":true}]}}