{"id":892,"date":"2017-08-09T11:35:10","date_gmt":"2017-08-09T11:35:10","guid":{"rendered":"http:\/\/engage.veented.com\/agency\/?page_id=892"},"modified":"2025-04-08T16:01:01","modified_gmt":"2025-04-08T14:01:01","slug":"home","status":"publish","type":"page","link":"https:\/\/notar-setzer.de\/","title":{"rendered":"Startseite"},"content":{"rendered":"<p>[vc_row full_height=&#8220;yes&#8220; color_scheme=&#8220;white&#8220; css=&#8220;.vc_custom_1527063559231{background-position: center !important;background-repeat: no-repeat !important;background-size: cover !important;}&#8220;][vc_column]<style type=\"text\/css\">#hero-section-7599 .hero-content{margin-top:50px;}<\/style><div id=\"hero-section-7599\" class=\"vntd-hero vntd-section hero-section hero-media-images arrow-nav-side color-scheme-white fullscreen-section fullwidth-section\"><div class=\"hero-container\">\n\t\t<div class=\"hero-bg hero-bg-images engage-swiper-slider swiper-container\" data-slider-touch=\"false\" data-autoplay=\"15000\"><div class=\"swiper-wrapper\"><div class=\"swiper-slide\" style=\"background-image:url('https:\/\/notar-setzer.de\/wp-content\/uploads\/2018\/05\/Kanzleihaus_Au\u00dfenaufnahme.jpg');\");background-position:center center;\"><div id=\"bg-overlay-7599\" class=\"bg-overlay bg-overlay-dark20\"><\/div><\/div><div class=\"swiper-slide\" style=\"background-image:url('https:\/\/notar-setzer.de\/wp-content\/uploads\/2020\/06\/Notar-06_Empfang-Ragg-Tausch-Ittermann_reduziert1280x800_90Prozent_005.jpg');\");background-position:center center;\"><div id=\"bg-overlay-7599\" class=\"bg-overlay bg-overlay-dark20\"><\/div><\/div><\/div><div class=\"swiper-nav swiper-button-next\"><i class=\"fa fa-angle-right\"><\/i><\/div><div class=\"swiper-nav swiper-button-prev\"><i class=\"fa fa-angle-left\"><\/i><\/div><\/div>\n\t\t<!-- Home Inner Details -->\n\t\t<div class=\"hero-inner hero-align-center container\">\n\n\t\t\t\n\t\t\t<div class=\"hero-content vertical-align-middle\"><div class=\"hero-content-inner\">\n\n\t\t\t\t\t\t\t<h1 class=\"hero-heading fs76px tt-normal\">Notarkanzlei Harry Setzer<\/h1>\n\t\t\t\t\t\t\t\t<p class=\"hero-subtitle subtitle-fs-bigger\"style=\" font-size:22px;\">Ihr Notar im Kanzleihaus Tuttlingen.<\/p>\n\t\t\t\t<div class=\"hero-buttons\"><a href=\"https:\/\/notar-setzer.de\/index.php\/kanzlei\/\" class=\"btn hero-btn hero-btn1 btn-white btn-outline btn-hover-white\">mehr erfahren<\/a><a href=\"https:\/\/notar-setzer.de\/index.php\/kontakt\/\" class=\"btn hero-btn hero-btn2 btn-accent btn-outline btn-hover-white\">Kontaktaufnahme<\/a><\/div>\n\t\t\t<\/div><\/div>\n\n\t\t<\/div>\n\n\t\t<!-- End Content -->\n\n\t\t<div class=\"veented-slider-scroll-button-holder\"><a href=\"#second\" class=\"scroll veented-slider-scroll-button veented-scroll-after\"><span class=\"vntd-mouse-dot\"><\/span><\/a><\/div><\/div><\/div>[\/vc_column][\/vc_row][vc_row equal_height=&#8220;yes&#8220; content_placement=&#8220;middle&#8220; parallax=&#8220;content-moving&#8220; parallax_speed_bg=&#8220;1.3&#8243; bg_color_pre=&#8220;bg-color-1&#8243; css=&#8220;.vc_custom_1510569612195{padding-top: 90px !important;padding-bottom: 90px !important;background-position: 0 0;background-repeat: no-repeat !important;}&#8220;][vc_column width=&#8220;1\/2&#8243; col_padding=&#8220;2&#8243; col_padding_side=&#8220;left&#8220;][vc_column_text]<\/p>\n<h2>Herzlich Willkommen<\/h2>\n<p>auf der Homepage der Notarkanzlei Harry Setzer in Tuttlingen.<\/p>\n<p>Dem Notar sind als unabh\u00e4ngigem Tr\u00e4ger eines \u00f6ffentlichen Amtes hoheitliche Befugnisse zur vorsorgenden Rechtspflege in Deutschland \u00fcbertragen. Der Notar \u00fcbt eine vorbeugende Rechtskontrolle aus und errichtet Urkunden, die bindende Beweiskraft gegen\u00fcber Gerichten haben und auf Wunsch auch vollstreckbar sind.<br \/>\nEr ist nicht Vertreter einer Partei, sondern sichert als unabh\u00e4ngiger und unparteiischer Betreuer die Interessen s\u00e4mtlicher Beteiligten. Der Notar darf nicht t\u00e4tig werden, wenn widerstreitende Interessen der Beteiligten gekl\u00e4rt oder durchgesetzt werden m\u00fcssen. Die Notare werden vom Justizministerium ernannt.<\/p>\n<p>Im Mittelpunkt der Aufmerksamkeit des Notars steht\u00a0immer der Mensch. Denn ebenso wichtig wie \u00e4u\u00dferste Genauigkeit und fundiertes Wissen ist\u00a0Verst\u00e4ndnis f\u00fcr die Anliegen, Sorgen und N\u00f6te\u00a0der Ratsuchenden.<\/p>\n<p>Sprechen Sie uns an, damit wir Sie zu Ihren individuellen W\u00fcnschen in einem pers\u00f6nlichen Gespr\u00e4ch beraten k\u00f6nnen.<br \/>\nWir freuen uns auf Ihren Besuch in den barrierefreien Kanzleir\u00e4umen in unmittelbarer N\u00e4he zum Amtsgericht, dem Landratsamt sowie dem Bahnhof Tuttlingen und mit <strong>kostenfreier Parkm\u00f6glichkeit<\/strong> direkt an der Kanzlei.<\/p>\n<p>Ihr Kanzleiteam<br \/>\n<strong>Harry Setzer<br \/>\nNotar in Tuttlingen<\/strong>[\/vc_column_text]<div class=\"btn-holder btn-align-left\" style=\"margin-top:0px;\"><a href=\"https:\/\/notar-setzer.de\/index.php\/kanzlei\/\" title=\"\" class=\"btn btn-regular btn-outline  btn-grey btn-hover-accent\" target=\"\">mehr erfahren<\/a><\/div>[\/vc_column][vc_column width=&#8220;1\/2&#8243; col_padding=&#8220;2&#8243; col_padding_side=&#8220;right&#8220; css=&#8220;.vc_custom_1494861044583{padding-top: 20px !important;}&#8220;][vc_single_image image=&#8220;711127&#8243; img_size=&#8220;700&#215;680&#8243; css=&#8220;.vc_custom_1526971977329{margin-bottom: 0px !important;}&#8220;][\/vc_column][\/vc_row][vc_row css=&#8220;.vc_custom_1527517173641{padding-top: 40px !important;padding-bottom: 40px !important;}&#8220;][vc_column][vc_column_text]<\/p>\n<h2>Notariatsreform 2018<\/h2>\n<p>Aufgrund der Neuordnung des Notariatswesens in Baden-W\u00fcrttemberg wurden zum 01.01.2018 alle bisherigen rund 300 staatlichen Notariate aufgel\u00f6st, so dass Beurkundungen k\u00fcnftig ausschlie\u00dflich von freiberuflich t\u00e4tigen Notarinnen und Notaren wahrgenommen werden.<\/p>\n<p>F\u00fcr <strong>Betreuungsangelegenheiten <\/strong>sind seit dem 01.01.2018 &#8211; wie im \u00fcbrigen Bundesgebiet auch &#8211; die Amtsgerichte zust\u00e4ndig.<\/p>\n<p>Die <strong>Nachlassakten <\/strong>befinden sich seitdem bei denjenigen Amtsgerichten, bei denen zugleich das Familiengericht angesiedelt ist. F\u00fcr Todesf\u00e4lle, bei denen der Verstorbene seinen letzten gew\u00f6hnlichen Aufenthalt z.B. im Bereich des Amtsgerichtsbezirks Tuttlingen hatte, wenden Sie sich bitte an das <strong>Amtsgericht Tuttlingen, Werderstr. 8, 78532 Tuttlingen<\/strong>. F\u00fcr die Beurkundung von Erbscheinsantr\u00e4gen oder Ausschlagungserkl\u00e4rungen stehen Ihnen neben dem Amtsgericht auch die Notarinnen und Notare zur Verf\u00fcgung.[\/vc_column_text][\/vc_column][\/vc_row]<\/p>\n","protected":false},"excerpt":{"rendered":"<p>[vc_row full_height=&#8220;yes&#8220; color_scheme=&#8220;white&#8220; css=&#8220;.vc_custom_1527063559231{background-position: center !important;background-repeat: no-repeat !important;background-size: cover !important;}&#8220;][vc_column][\/vc_column][\/vc_row][vc_row equal_height=&#8220;yes&#8220; content_placement=&#8220;middle&#8220; parallax=&#8220;content-moving&#8220; parallax_speed_bg=&#8220;1.3&#8243; bg_color_pre=&#8220;bg-color-1&#8243; css=&#8220;.vc_custom_1510569612195{padding-top: 90px !important;padding-bottom: 90px !important;background-position: 0 0;background-repeat: no-repeat !important;}&#8220;][vc_column width=&#8220;1\/2&#8243; col_padding=&#8220;2&#8243; col_padding_side=&#8220;left&#8220;][vc_column_text] Herzlich Willkommen auf der Homepage der Notarkanzlei Harry Setzer in Tuttlingen. Dem Notar sind als unabh\u00e4ngigem Tr\u00e4ger eines \u00f6ffentlichen Amtes hoheitliche Befugnisse zur [&hellip;]<\/p>\n","protected":false},"author":1,"featured_media":0,"parent":0,"menu_order":0,"comment_status":"closed","ping_status":"closed","template":"","meta":{"footnotes":""},"class_list":["post-892","page","type-page","status-publish","hentry"],"_links":{"self":[{"href":"https:\/\/notar-setzer.de\/index.php\/wp-json\/wp\/v2\/pages\/892","targetHints":{"allow":["GET"]}}],"collection":[{"href":"https:\/\/notar-setzer.de\/index.php\/wp-json\/wp\/v2\/pages"}],"about":[{"href":"https:\/\/notar-setzer.de\/index.php\/wp-json\/wp\/v2\/types\/page"}],"author":[{"embeddable":true,"href":"https:\/\/notar-setzer.de\/index.php\/wp-json\/wp\/v2\/users\/1"}],"replies":[{"embeddable":true,"href":"https:\/\/notar-setzer.de\/index.php\/wp-json\/wp\/v2\/comments?post=892"}],"version-history":[{"count":42,"href":"https:\/\/notar-setzer.de\/index.php\/wp-json\/wp\/v2\/pages\/892\/revisions"}],"predecessor-version":[{"id":711608,"href":"https:\/\/notar-setzer.de\/index.php\/wp-json\/wp\/v2\/pages\/892\/revisions\/711608"}],"wp:attachment":[{"href":"https:\/\/notar-setzer.de\/index.php\/wp-json\/wp\/v2\/media?parent=892"}],"curies":[{"name":"wp","href":"https:\/\/api.w.org\/{rel}","templated":true}]}}