{"id":936,"date":"2017-08-09T13:45:54","date_gmt":"2017-08-09T13:45:54","guid":{"rendered":"http:\/\/engage.veented.com\/agency\/?page_id=936"},"modified":"2022-01-09T23:51:27","modified_gmt":"2022-01-09T22:51:27","slug":"terminvorbereitung","status":"publish","type":"page","link":"https:\/\/notar-setzer.de\/index.php\/terminvorbereitung","title":{"rendered":"Terminvorbereitung"},"content":{"rendered":"<p>[vc_row][vc_column width=&#8220;2\/3&#8243;][vc_column_text]Zur Vorbereitung vieler Termine ist es erforderlich, dass der Notar vorab diverse Infor-mationen einholt, wie z.B. die Einsicht in das Grundbuch oder das Handelsregister.<br \/>\nDamit wir Ihnen und auch Sie uns die richtigen Fragen stellen k\u00f6nnen, erhalten Sie nachfolgend f\u00fcr verschiedene Sachgebiete die entsprechenden Datenbl\u00e4tter, um uns auf das n\u00e4chste Gespr\u00e4ch mit Ihnen optimal vorbereiten zu k\u00f6nnen.<br \/>\nInsbesondere bei Vertr\u00e4gen erm\u00f6glicht die Erstellung eines Entwurfs durch den Notar, dass sich die Beteiligten vorab mit ihrem Vertragspartner oder z.B. Steuerberater konkreter abstimmen k\u00f6nnen.<br \/>\nZumeist k\u00f6nnen dadurch Immobilienkaufvertr\u00e4ge (z.B. \u00fcber H\u00e4user, Eigentums-wohnungen oder Baupl\u00e4tze) aber auch Vorsorgevollmachten, Patientenverf\u00fcgungen oder gesellschaftsrechtliche Regelungen ohne einen zweiten Termin beurkundet werden.<br \/>\nBitte wenden Sie sich in allen Zweifelsfragen an den Notar, und zwar rechtzeitig vor der Beurkundung; im Beurkundungstermin ist es f\u00fcr die Kl\u00e4rung solcher Fragen meist zu sp\u00e4t!<br \/>\nDa die Frageb\u00f6gen eine individuelle Beratung nicht ersetzen k\u00f6nnen, stehen wir Ihnen vorab gerne f\u00fcr ein pers\u00f6nliches Vorgespr\u00e4ch zur Verf\u00fcgung. Eine Beratung zur Vorbereitung eines Beurkundungstermins ist selbstverst\u00e4ndlich f\u00fcr Sie kostenlos.<\/p>\n<h3>Hinweis:<\/h3>\n<h5>Bitte beachten Sie, dass Sie mit der R\u00fccksendung eines ausgef\u00fcllten Formulars in der Regel die Erstellung eines Vertragsentwurfs beauftragen. F\u00fcr die Erstellung des Vertragsentwurfs entstehen Kosten in gesetzlich festgelegter H\u00f6he. Diese werden jedoch im Falle einer Beurkundung des Entwurfs angerechnet. Informationen zu den anfallenden Kosten nebst beispielhaften Kostenberechnungen finden Sie auf\u00a0<a href=\"https:\/\/www.notar.de\/\" target=\"_blank\" rel=\"noopener noreferrer\">www.notar.de<\/a>.<\/h5>\n<p>&nbsp;<\/p>\n<h3><u>Weiterf\u00fchrende Informationen:<\/u><\/h3>\n<p>[\/vc_column_text][\/vc_column][vc_column width=&#8220;1\/3&#8243;][vc_single_image image=&#8220;711331&#8243;][\/vc_column][\/vc_row][vc_row][vc_column width=&#8220;1\/3&#8243;][vc_column_text]<div class=\"item simple-grid-item vntd-content-box simple-grid-boxed img-hover-effect-zoom caption-align-left vntd-with-arrow item-no-image\"><div class=\"simple-grid-caption vntd-caption\"><a href=\"https:\/\/notar-setzer.de\/index.php\/terminvorbereitung\/datenblaetter\" title=\"Datenbl\u00e4tter\" target=\"_self\"><h6 class=\"simple-grid-title\">Datenbl\u00e4tter<\/h6><\/a><a href=\"https:\/\/notar-setzer.de\/index.php\/terminvorbereitung\/datenblaetter\" class=\"simple-grid-btn post-more\">mehr erfahren<\/a><\/div><\/div>[\/vc_column_text][\/vc_column][vc_column width=&#8220;1\/3&#8243;][vc_column_text]<div class=\"item simple-grid-item vntd-content-box simple-grid-boxed img-hover-effect-zoom caption-align-left vntd-with-arrow item-no-image\"><div class=\"simple-grid-caption vntd-caption\"><a href=\"https:\/\/notar-setzer.de\/index.php\/terminvorbereitung\/info-broschueren-merkblaetter\" title=\"Info-Brosch\u00fcren \/ Merkbl\u00e4tter\" target=\"_self\"><h6 class=\"simple-grid-title\">Info-Brosch\u00fcren \/ Merkbl\u00e4tter<\/h6><\/a><a href=\"https:\/\/notar-setzer.de\/index.php\/terminvorbereitung\/info-broschueren-merkblaetter\" class=\"simple-grid-btn post-more\">mehr erfahren<\/a><\/div><\/div>[\/vc_column_text][\/vc_column][vc_column width=&#8220;1\/3&#8243;][vc_column_text]<div class=\"item simple-grid-item vntd-content-box simple-grid-boxed img-hover-effect-zoom caption-align-left vntd-with-arrow item-no-image\"><div class=\"simple-grid-caption vntd-caption\"><a href=\"https:\/\/notar-setzer.de\/index.php\/terminvorbereitung\/links-und-aktuelles\" title=\"Links und Aktuelles\" target=\"_self\"><h6 class=\"simple-grid-title\">Links und Aktuelles<\/h6><\/a><a href=\"https:\/\/notar-setzer.de\/index.php\/terminvorbereitung\/links-und-aktuelles\" class=\"simple-grid-btn post-more\">mehr erfahren<\/a><\/div><\/div>[\/vc_column_text][\/vc_column][\/vc_row][vc_row full_width=&#8220;stretch_row_content_no_spaces&#8220; content_placement=&#8220;middle&#8220; css_animation=&#8220;fadeIn&#8220;][vc_column][vc_column_text]<div class=\"vntd-cta cta-text-color-dark bg-color-custom cta-align-center\" style=\"background-color: #f5f5f5\"><div class=\"container\"><div class=\"row\"><div class=\"cta-texts\"><h2 class=\"cta-heading\"><span>Nehmen Sie Kontakt mit uns auf!<\/span><\/h2><\/div><div class=\"cta-buttons\"><a href=\"http:\/\/www.neu.notar-setzer.de\/index.php\/kontakt\/\" class=\"btn cta-btn1 btn-outline btn-accent btn-hover-accent\">Kontaktaufnahme<\/a><\/div><\/div><\/div><\/div>[\/vc_column_text][\/vc_column][\/vc_row]<\/p>\n","protected":false},"excerpt":{"rendered":"<p>[vc_row][vc_column width=&#8220;2\/3&#8243;][vc_column_text]Zur Vorbereitung vieler Termine ist es erforderlich, dass der Notar vorab diverse Infor-mationen einholt, wie z.B. die Einsicht in das Grundbuch oder das Handelsregister. Damit wir Ihnen und auch Sie uns die richtigen Fragen stellen k\u00f6nnen, erhalten Sie nachfolgend f\u00fcr verschiedene Sachgebiete die entsprechenden Datenbl\u00e4tter, um uns auf das [&hellip;]<\/p>\n","protected":false},"author":1,"featured_media":0,"parent":0,"menu_order":0,"comment_status":"closed","ping_status":"closed","template":"","meta":{"footnotes":""},"class_list":["post-936","page","type-page","status-publish","hentry"],"_links":{"self":[{"href":"https:\/\/notar-setzer.de\/index.php\/wp-json\/wp\/v2\/pages\/936","targetHints":{"allow":["GET"]}}],"collection":[{"href":"https:\/\/notar-setzer.de\/index.php\/wp-json\/wp\/v2\/pages"}],"about":[{"href":"https:\/\/notar-setzer.de\/index.php\/wp-json\/wp\/v2\/types\/page"}],"author":[{"embeddable":true,"href":"https:\/\/notar-setzer.de\/index.php\/wp-json\/wp\/v2\/users\/1"}],"replies":[{"embeddable":true,"href":"https:\/\/notar-setzer.de\/index.php\/wp-json\/wp\/v2\/comments?post=936"}],"version-history":[{"count":13,"href":"https:\/\/notar-setzer.de\/index.php\/wp-json\/wp\/v2\/pages\/936\/revisions"}],"predecessor-version":[{"id":711492,"href":"https:\/\/notar-setzer.de\/index.php\/wp-json\/wp\/v2\/pages\/936\/revisions\/711492"}],"wp:attachment":[{"href":"https:\/\/notar-setzer.de\/index.php\/wp-json\/wp\/v2\/media?parent=936"}],"curies":[{"name":"wp","href":"https:\/\/api.w.org\/{rel}","templated":true}]}}